{"id":1166,"date":"2017-03-02T20:57:48","date_gmt":"2017-03-02T19:57:48","guid":{"rendered":"http:\/\/whiskytales.de\/?page_id=1166"},"modified":"2024-08-09T13:44:07","modified_gmt":"2024-08-09T12:44:07","slug":"goblins-peated-islay-ii-8-jahre","status":"publish","type":"page","link":"https:\/\/whiskytales.de\/?page_id=1166","title":{"rendered":"Goblin\u00b4s Peated Islay II, 8 Jahre"},"content":{"rendered":"<p><span style=\"font-size: 16pt;\"><strong><a href=\"https:\/\/whiskytales.de\/wp-content\/uploads\/2018\/06\/GoblinspeatedIslay8v2.jpg\" rel=\"prettyPhoto\"><img loading=\"lazy\" decoding=\"async\" class=\"alignleft wp-image-1272 size-medium\" style=\"border: 0px solid #000000;\" src=\"https:\/\/whiskytales.de\/wp-content\/uploads\/2018\/06\/GoblinspeatedIslay8v2-117x300.jpg\" alt=\"\" width=\"117\" height=\"300\" srcset=\"https:\/\/whiskytales.de\/wp-content\/uploads\/2018\/06\/GoblinspeatedIslay8v2-117x300.jpg 117w, https:\/\/whiskytales.de\/wp-content\/uploads\/2018\/06\/GoblinspeatedIslay8v2-768x1966.jpg 768w, https:\/\/whiskytales.de\/wp-content\/uploads\/2018\/06\/GoblinspeatedIslay8v2-400x1024.jpg 400w, https:\/\/whiskytales.de\/wp-content\/uploads\/2018\/06\/GoblinspeatedIslay8v2.jpg 800w\" sizes=\"auto, (max-width: 117px) 100vw, 117px\" \/><\/a>Goblin\u00b4s Peated Islay II, 8 Jahre<\/strong><\/span><\/p>\n<p><span style=\"font-size: 12pt;\"><strong>Status: <span style=\"color: #ff0000;\">leider ausverkauft<\/span><\/strong><\/span><\/p>\n<p><span style=\"font-size: 12pt;\">Edition: \u201cThe Goblin II\u201d<br \/>\nDestillerie: Islay<br \/>\nAlter: 8 Jahre, Destilliert 2008 \/ Abgef\u00fcllt 2016<br \/>\nSt\u00e4rke: 56,1% Vol.<br \/>\nFassart: Bourbon<br \/>\nSingle Cask, Single Malt, Scotch Whisky<br \/>\nNicht k\u00fchlfiltriert, nicht gef\u00e4rbt<br \/>\n0,7Liter \/ 700ml<br \/>\nEinzelfassabf\u00fcllung mit nur 438 Flaschen<\/span><\/p>\n<p><span style=\"font-size: 12pt;\">Wer erinnert sich nicht an unseren &#8222;Goblin\u00b4s peated Islay&#8220;, damals ein getorfter Bunnahabhain!<\/span><\/p>\n<p><span style=\"font-size: 12pt;\">Der \u201eNachfolger\u201c, unser \u201eGoblin\u00b4s peated Islay II\u201c stammt aus einer Destille, die im letzten Jahr ein gr\u00f6\u00dferes Jubil\u00e4um beging.<\/span><\/p>\n<div class=\"spoiler-wrap\"><h2 ><button data-group=\"a\" aria-controls=\"accordion_69f3b89b312dc\" class=\"spoiler-head no-icon collapsed accordion_group_a\" aria-expanded=\"false\" >Unsere Tasting-Notes:<span class=\"dashicons dashicons-arrow-right-alt2\" aria-hidden><\/span><\/button><\/h2><div aria-hidden=\"true\" id=\"accordion_69f3b89b312dc\" class=\"spoiler-body accordion_group_body_a\" style=\"display: none;\">\n<p><span style=\"font-size: 12pt;\"><strong>Nase<\/strong>: Direkt zarte Vanille, gefolgt von einer deutlichen Rauchnote. Diese gibt Jod und Seetang frei. Sch\u00f6n angew\u00e4rmt, entfaltet sich Citrus. Fertig entwickelt, ist dass Meer noch etwas weiter vorne, es dominiert aber der Rauch. Holzfeuer in kalter Luft.<br \/>\n<\/span><\/p>\n<p><span style=\"font-size: 12pt;\"><strong>Geschmack\/Abgang<\/strong>: Auf der Zunge entwickelt sich eine sch\u00f6ne fruchtige S\u00fc\u00dfe die mit dem Rauch und Torf prefekt harmoniert. Florale Noten und Gew\u00fcrze treten hinzu, bevor er in einem l\u00e4ngerern Abgang, bei dem Kohle und Torf bleibt, vergl\u00fcht. &#8230;Wie gem\u00fctlich ein Winterabend doch sein kann.<\/span><\/p><\/div><noscript><div class=\"spoiler-body accordion_group_body_a\">\n<p><span style=\"font-size: 12pt;\"><strong>Nase<\/strong>: Direkt zarte Vanille, gefolgt von einer deutlichen Rauchnote. Diese gibt Jod und Seetang frei. Sch\u00f6n angew\u00e4rmt, entfaltet sich Citrus. Fertig entwickelt, ist dass Meer noch etwas weiter vorne, es dominiert aber der Rauch. Holzfeuer in kalter Luft.<br \/>\n<\/span><\/p>\n<p><span style=\"font-size: 12pt;\"><strong>Geschmack\/Abgang<\/strong>: Auf der Zunge entwickelt sich eine sch\u00f6ne fruchtige S\u00fc\u00dfe die mit dem Rauch und Torf prefekt harmoniert. Florale Noten und Gew\u00fcrze treten hinzu, bevor er in einem l\u00e4ngerern Abgang, bei dem Kohle und Torf bleibt, vergl\u00fcht. &#8230;Wie gem\u00fctlich ein Winterabend doch sein kann.<\/span><\/p><\/div><\/noscript><\/div>\n","protected":false},"excerpt":{"rendered":"<p>Goblin\u00b4s Peated Islay II, 8 Jahre Status: leider ausverkauft Edition: \u201cThe Goblin II\u201d Destillerie: Islay Alter: 8 Jahre, Destilliert 2008 \/ Abgef\u00fcllt 2016 St\u00e4rke: 56,1% Vol. Fassart: Bourbon Single Cask, Single Malt, Scotch Whisky Nicht k\u00fchlfiltriert, nicht gef\u00e4rbt 0,7Liter \/ &hellip; <a href=\"https:\/\/whiskytales.de\/?page_id=1166\">Weiterlesen <span class=\"meta-nav\">&rarr;<\/span><\/a><\/p>\n","protected":false},"author":4,"featured_media":0,"parent":19,"menu_order":0,"comment_status":"closed","ping_status":"closed","template":"sidebar-page.php","meta":{"footnotes":""},"class_list":["post-1166","page","type-page","status-publish","hentry"],"_links":{"self":[{"href":"https:\/\/whiskytales.de\/index.php?rest_route=\/wp\/v2\/pages\/1166","targetHints":{"allow":["GET"]}}],"collection":[{"href":"https:\/\/whiskytales.de\/index.php?rest_route=\/wp\/v2\/pages"}],"about":[{"href":"https:\/\/whiskytales.de\/index.php?rest_route=\/wp\/v2\/types\/page"}],"author":[{"embeddable":true,"href":"https:\/\/whiskytales.de\/index.php?rest_route=\/wp\/v2\/users\/4"}],"replies":[{"embeddable":true,"href":"https:\/\/whiskytales.de\/index.php?rest_route=%2Fwp%2Fv2%2Fcomments&post=1166"}],"version-history":[{"count":11,"href":"https:\/\/whiskytales.de\/index.php?rest_route=\/wp\/v2\/pages\/1166\/revisions"}],"predecessor-version":[{"id":2701,"href":"https:\/\/whiskytales.de\/index.php?rest_route=\/wp\/v2\/pages\/1166\/revisions\/2701"}],"up":[{"embeddable":true,"href":"https:\/\/whiskytales.de\/index.php?rest_route=\/wp\/v2\/pages\/19"}],"wp:attachment":[{"href":"https:\/\/whiskytales.de\/index.php?rest_route=%2Fwp%2Fv2%2Fmedia&parent=1166"}],"curies":[{"name":"wp","href":"https:\/\/api.w.org\/{rel}","templated":true}]}}