{"id":1391,"date":"2020-01-11T21:10:18","date_gmt":"2020-01-11T20:10:18","guid":{"rendered":"https:\/\/whiskytales.de\/?page_id=1391"},"modified":"2024-08-09T13:18:43","modified_gmt":"2024-08-09T12:18:43","slug":"gaidheal-16-jahre","status":"publish","type":"page","link":"https:\/\/whiskytales.de\/?page_id=1391","title":{"rendered":"Gaidheal 16 Jahre"},"content":{"rendered":"<p><span style=\"font-size: 16pt;\"><strong><a href=\"https:\/\/whiskytales.de\/wp-content\/uploads\/2020\/01\/Gaidheal.jpg\" rel=\"prettyPhoto\"><img loading=\"lazy\" decoding=\"async\" class=\"alignleft wp-image-1392 size-medium\" style=\"border: 0px solid #000000;\" src=\"https:\/\/whiskytales.de\/wp-content\/uploads\/2020\/01\/Gaidheal-81x300.jpg\" alt=\"\" width=\"81\" height=\"300\" srcset=\"https:\/\/whiskytales.de\/wp-content\/uploads\/2020\/01\/Gaidheal-81x300.jpg 81w, https:\/\/whiskytales.de\/wp-content\/uploads\/2020\/01\/Gaidheal-413x1536.jpg 413w, https:\/\/whiskytales.de\/wp-content\/uploads\/2020\/01\/Gaidheal.jpg 644w\" sizes=\"auto, (max-width: 81px) 100vw, 81px\" \/><\/a>&#8222;Gaidheal&#8220;, Undisclosed Highland Destillery\u00b4s, 16 Jahre, refill sherry cask<\/strong><\/span><\/p>\n<p><span style=\"font-size: 12pt;\"><strong>Status: <span style=\"color: #ff0000;\">leider ausverkauft<\/span><\/strong><br \/>\nEdition: \u201cGaidheal\u201d<br \/>\nDestillerie: Undisclosed Highland Destillery\u00b4s<br \/>\nAlter: 16 Jahre, Destilliert 2003 \/ Abgef\u00fcllt 2019<br \/>\nSt\u00e4rke: 50,9% Vol.<br \/>\nFassart: refill Sherry Cask<br \/>\nSingle Cask, Peated, Blended Scotch Whisky<br \/>\nNicht k\u00fchlfiltriert, nicht gef\u00e4rbt<br \/>\n0,7Liter \/ 700ml<br \/>\nEinzelfassabf\u00fcllung mit nur 265 Flaschen<\/span><\/p>\n<p><span style=\"font-size: 12pt;\">Dieser getorfte Highlander vereint nach 16 Jahren im &#8222;refill sherry Fass&#8220;, die Aromen von Malt- Torf- und Sherrynoten. Sehr sch\u00f6n ausgereift wurde uns dieser Malt als Blended Scotch Whisky angeboten. Ein Blend im Single Cask gereift? Wir probierten direkt und siehe da&#8230; &#8230;Lecker! (Doch ein Single Malt?).<\/span><\/p>\n<p><span style=\"font-size: 12pt;\"><div class=\"spoiler-wrap\"><h2 ><button data-group=\"a\" aria-controls=\"accordion_69f3caeeb3811\" class=\"spoiler-head no-icon collapsed accordion_group_a\" aria-expanded=\"false\" >Unsere Tasting-Notes:<span class=\"dashicons dashicons-arrow-right-alt2\" aria-hidden><\/span><\/button><\/h2><div aria-hidden=\"true\" id=\"accordion_69f3caeeb3811\" class=\"spoiler-body accordion_group_body_a\" style=\"display: none;\">\n<p><span style=\"font-size: 12pt;\"><strong>Nase<\/strong>: Leichte Fruchtigkeit &#8211; Mandarine. Die Fruchtnote bleibt eine Weile filigran, wird dann intensiver. Reife Blutorange und Grapefruit treten hinzu. Im Hintergrund verbirgt sich zarter Torfrauch..<br \/>\n<\/span><\/p>\n<p><span style=\"font-size: 12pt;\"><strong>Geschmack\/Abgang<\/strong>: Fruchtig, Orangenschale und wieder Mandarine mit etwas w\u00fcrzigem Ingwer und Limone, dazu der umspielende Torf. Sch\u00f6n voll und kr\u00e4ftig. Ein tolles Zusammenspiel von Holz und Destillat. Ein lang anhaltender Abgang, darin immer wieder Torfrauch und Ingwer \u00fcberzeugen uns endg\u00fcltig. &#8222;Ein charaktervoller Highland (Single?) Malt, der wahrscheinlich nur wegen eines verirrten Teel\u00f6ffels voll von &#8222;irgendetwas&#8220; seine Identit\u00e4t \u00e4ndern musste&#8230;&#8220;.<\/span><br \/>\n<\/p><\/div><noscript><div class=\"spoiler-body accordion_group_body_a\">\n<p><span style=\"font-size: 12pt;\"><strong>Nase<\/strong>: Leichte Fruchtigkeit &#8211; Mandarine. Die Fruchtnote bleibt eine Weile filigran, wird dann intensiver. Reife Blutorange und Grapefruit treten hinzu. Im Hintergrund verbirgt sich zarter Torfrauch..<br \/>\n<\/span><\/p>\n<p><span style=\"font-size: 12pt;\"><strong>Geschmack\/Abgang<\/strong>: Fruchtig, Orangenschale und wieder Mandarine mit etwas w\u00fcrzigem Ingwer und Limone, dazu der umspielende Torf. Sch\u00f6n voll und kr\u00e4ftig. Ein tolles Zusammenspiel von Holz und Destillat. Ein lang anhaltender Abgang, darin immer wieder Torfrauch und Ingwer \u00fcberzeugen uns endg\u00fcltig. &#8222;Ein charaktervoller Highland (Single?) Malt, der wahrscheinlich nur wegen eines verirrten Teel\u00f6ffels voll von &#8222;irgendetwas&#8220; seine Identit\u00e4t \u00e4ndern musste&#8230;&#8220;.<\/span><br \/>\n<\/p><\/div><\/noscript><\/div><\/p>\n","protected":false},"excerpt":{"rendered":"<p>&#8222;Gaidheal&#8220;, Undisclosed Highland Destillery\u00b4s, 16 Jahre, refill sherry cask Status: leider ausverkauft Edition: \u201cGaidheal\u201d Destillerie: Undisclosed Highland Destillery\u00b4s Alter: 16 Jahre, Destilliert 2003 \/ Abgef\u00fcllt 2019 St\u00e4rke: 50,9% Vol. Fassart: refill Sherry Cask Single Cask, Peated, Blended Scotch Whisky Nicht &hellip; <a href=\"https:\/\/whiskytales.de\/?page_id=1391\">Weiterlesen <span class=\"meta-nav\">&rarr;<\/span><\/a><\/p>\n","protected":false},"author":4,"featured_media":0,"parent":19,"menu_order":0,"comment_status":"closed","ping_status":"closed","template":"sidebar-page.php","meta":{"footnotes":""},"class_list":["post-1391","page","type-page","status-publish","hentry"],"_links":{"self":[{"href":"https:\/\/whiskytales.de\/index.php?rest_route=\/wp\/v2\/pages\/1391","targetHints":{"allow":["GET"]}}],"collection":[{"href":"https:\/\/whiskytales.de\/index.php?rest_route=\/wp\/v2\/pages"}],"about":[{"href":"https:\/\/whiskytales.de\/index.php?rest_route=\/wp\/v2\/types\/page"}],"author":[{"embeddable":true,"href":"https:\/\/whiskytales.de\/index.php?rest_route=\/wp\/v2\/users\/4"}],"replies":[{"embeddable":true,"href":"https:\/\/whiskytales.de\/index.php?rest_route=%2Fwp%2Fv2%2Fcomments&post=1391"}],"version-history":[{"count":13,"href":"https:\/\/whiskytales.de\/index.php?rest_route=\/wp\/v2\/pages\/1391\/revisions"}],"predecessor-version":[{"id":2678,"href":"https:\/\/whiskytales.de\/index.php?rest_route=\/wp\/v2\/pages\/1391\/revisions\/2678"}],"up":[{"embeddable":true,"href":"https:\/\/whiskytales.de\/index.php?rest_route=\/wp\/v2\/pages\/19"}],"wp:attachment":[{"href":"https:\/\/whiskytales.de\/index.php?rest_route=%2Fwp%2Fv2%2Fmedia&parent=1391"}],"curies":[{"name":"wp","href":"https:\/\/api.w.org\/{rel}","templated":true}]}}