{"id":1397,"date":"2020-01-11T21:21:14","date_gmt":"2020-01-11T20:21:14","guid":{"rendered":"https:\/\/whiskytales.de\/?page_id=1397"},"modified":"2024-08-11T17:03:43","modified_gmt":"2024-08-11T16:03:43","slug":"laphroaig-18-jahre-2","status":"publish","type":"page","link":"https:\/\/whiskytales.de\/?page_id=1397","title":{"rendered":"Laphroaig, 18 Jahre Chim\u00e4re"},"content":{"rendered":"<p><span style=\"font-size: 16pt;\"><strong><a href=\"https:\/\/whiskytales.de\/wp-content\/uploads\/2020\/01\/Laphroaig-18-Jahre.jpg\" rel=\"prettyPhoto\"><img loading=\"lazy\" decoding=\"async\" class=\"alignleft wp-image-1398 size-medium\" style=\"border: 0px solid #000000;\" src=\"https:\/\/whiskytales.de\/wp-content\/uploads\/2020\/01\/Laphroaig-18-Jahre-79x300.jpg\" alt=\"\" width=\"79\" height=\"300\" srcset=\"https:\/\/whiskytales.de\/wp-content\/uploads\/2020\/01\/Laphroaig-18-Jahre-79x300.jpg 79w, https:\/\/whiskytales.de\/wp-content\/uploads\/2020\/01\/Laphroaig-18-Jahre-403x1536.jpg 403w, https:\/\/whiskytales.de\/wp-content\/uploads\/2020\/01\/Laphroaig-18-Jahre-537x2048.jpg 537w, https:\/\/whiskytales.de\/wp-content\/uploads\/2020\/01\/Laphroaig-18-Jahre.jpg 628w\" sizes=\"auto, (max-width: 79px) 100vw, 79px\" \/><\/a>Laphroaig Destillery, 18 Jahre, Bourbon cask &#8222;Chim\u00e4re&#8220;<\/strong><\/span><\/p>\n<p><span style=\"font-size: 12pt;\"><strong>Status: <span style=\"color: #ff0000;\">leider ausverkauft<\/span><\/strong><br \/>\nEdition: \u201cChim\u00e4re\u201d<br \/>\nDestillerie: Laphroaig<br \/>\nAlter: 18 Jahre, Destilliert 1997 \/ Abgef\u00fcllt 2015<br \/>\nSt\u00e4rke: 46,0% Vol.<br \/>\nFassart: Bourbon<br \/>\nSingle Cask, Single Malt, Scotch Whisky<br \/>\nNicht k\u00fchlfiltriert, nicht gef\u00e4rbt<br \/>\n0,7Liter \/ 700ml<br \/>\nEinzelfassabf\u00fcllung mit nur 80 Flaschen<\/span><\/p>\n<p><span style=\"font-size: 12pt;\">Ein 18-j\u00e4hriger Laphroaig &#8211; Islay vom Feinsten. 18 Jahre im Bourbon Cask&#8230; da war doch etwas&#8230; richtig! Wir hatten schon einmal eine 18er Laphroaig, dies ist der zweite Teil dieses Fasses.<\/span><\/p>\n<div class=\"spoiler-wrap\"><h2 ><button data-group=\"a\" aria-controls=\"accordion_69f3b8eef3370\" class=\"spoiler-head no-icon collapsed accordion_group_a\" aria-expanded=\"false\" >Unsere Tasting-Notes:<span class=\"dashicons dashicons-arrow-right-alt2\" aria-hidden><\/span><\/button><\/h2><div aria-hidden=\"true\" id=\"accordion_69f3b8eef3370\" class=\"spoiler-body accordion_group_body_a\" style=\"display: none;\">\n<p><span style=\"font-size: 12pt;\"><strong>Nase<\/strong>: Reife Banane, typischer Rauch f\u00fcr einen Laphroaig, der Torf etwas eleganter. Beim zweiten Schnuppern entwickelt sich Waldmeister, wird aber von Vanille und Schinken eingeholt.<\/span><\/p>\n<p><span style=\"font-size: 12pt;\"><strong>Geschmack\/Abgang<\/strong>: Zun\u00e4chst darf sich eine sch\u00f6ne Honigs\u00fc\u00dfe, Banane und Vanille zeigen, bevor der typische Laphroaig sich behauptet. Die rauchige Note, etwas st\u00e4rker als die torfige, umrahmt das w\u00fcrzige Geschmacksbild. Anders als beim gewohnt typischen &#8222;Laphi-Bukett&#8220;, l\u00e4sst jede Note der anderen gen\u00fcgend Raum, um sich zu pr\u00e4sentieren. <\/span><\/p>\n<p><span style=\"font-size: 12pt;\">Der Laphroaig verebbt langsam in einem Fruchtpotpourri, Kohle bleibt stehen&#8230; Fehlnoten? Fehlanzeige!<\/span><\/p><\/div><noscript><div class=\"spoiler-body accordion_group_body_a\">\n<p><span style=\"font-size: 12pt;\"><strong>Nase<\/strong>: Reife Banane, typischer Rauch f\u00fcr einen Laphroaig, der Torf etwas eleganter. Beim zweiten Schnuppern entwickelt sich Waldmeister, wird aber von Vanille und Schinken eingeholt.<\/span><\/p>\n<p><span style=\"font-size: 12pt;\"><strong>Geschmack\/Abgang<\/strong>: Zun\u00e4chst darf sich eine sch\u00f6ne Honigs\u00fc\u00dfe, Banane und Vanille zeigen, bevor der typische Laphroaig sich behauptet. Die rauchige Note, etwas st\u00e4rker als die torfige, umrahmt das w\u00fcrzige Geschmacksbild. Anders als beim gewohnt typischen &#8222;Laphi-Bukett&#8220;, l\u00e4sst jede Note der anderen gen\u00fcgend Raum, um sich zu pr\u00e4sentieren. <\/span><\/p>\n<p><span style=\"font-size: 12pt;\">Der Laphroaig verebbt langsam in einem Fruchtpotpourri, Kohle bleibt stehen&#8230; Fehlnoten? Fehlanzeige!<\/span><\/p><\/div><\/noscript><\/div>\n","protected":false},"excerpt":{"rendered":"<p>Laphroaig Destillery, 18 Jahre, Bourbon cask &#8222;Chim\u00e4re&#8220; Status: leider ausverkauft Edition: \u201cChim\u00e4re\u201d Destillerie: Laphroaig Alter: 18 Jahre, Destilliert 1997 \/ Abgef\u00fcllt 2015 St\u00e4rke: 46,0% Vol. Fassart: Bourbon Single Cask, Single Malt, Scotch Whisky Nicht k\u00fchlfiltriert, nicht gef\u00e4rbt 0,7Liter \/ 700ml &hellip; <a href=\"https:\/\/whiskytales.de\/?page_id=1397\">Weiterlesen <span class=\"meta-nav\">&rarr;<\/span><\/a><\/p>\n","protected":false},"author":4,"featured_media":0,"parent":19,"menu_order":0,"comment_status":"closed","ping_status":"closed","template":"sidebar-page.php","meta":{"footnotes":""},"class_list":["post-1397","page","type-page","status-publish","hentry"],"_links":{"self":[{"href":"https:\/\/whiskytales.de\/index.php?rest_route=\/wp\/v2\/pages\/1397","targetHints":{"allow":["GET"]}}],"collection":[{"href":"https:\/\/whiskytales.de\/index.php?rest_route=\/wp\/v2\/pages"}],"about":[{"href":"https:\/\/whiskytales.de\/index.php?rest_route=\/wp\/v2\/types\/page"}],"author":[{"embeddable":true,"href":"https:\/\/whiskytales.de\/index.php?rest_route=\/wp\/v2\/users\/4"}],"replies":[{"embeddable":true,"href":"https:\/\/whiskytales.de\/index.php?rest_route=%2Fwp%2Fv2%2Fcomments&post=1397"}],"version-history":[{"count":19,"href":"https:\/\/whiskytales.de\/index.php?rest_route=\/wp\/v2\/pages\/1397\/revisions"}],"predecessor-version":[{"id":2890,"href":"https:\/\/whiskytales.de\/index.php?rest_route=\/wp\/v2\/pages\/1397\/revisions\/2890"}],"up":[{"embeddable":true,"href":"https:\/\/whiskytales.de\/index.php?rest_route=\/wp\/v2\/pages\/19"}],"wp:attachment":[{"href":"https:\/\/whiskytales.de\/index.php?rest_route=%2Fwp%2Fv2%2Fmedia&parent=1397"}],"curies":[{"name":"wp","href":"https:\/\/api.w.org\/{rel}","templated":true}]}}