{"id":14,"date":"2012-05-30T20:09:13","date_gmt":"2012-05-30T19:09:13","guid":{"rendered":"http:\/\/whiskytales.de\/wp\/?page_id=14"},"modified":"2026-02-26T20:51:45","modified_gmt":"2026-02-26T19:51:45","slug":"aktuelle-whiskeys","status":"publish","type":"page","link":"https:\/\/whiskytales.de\/","title":{"rendered":"Aktuelle Abf\u00fcllungen!"},"content":{"rendered":"<p><span style=\"font-size: 16pt;\"><strong>Aktuelle Abf\u00fcllungen<\/strong><\/span><\/p>\n<hr \/>\n<p><span style=\"font-size: 16pt;\"><strong>Invergordon 27 Jahre<\/strong><\/span><br \/>\n<span style=\"font-size: 16pt;\"><strong><a href=\"https:\/\/whiskytales.de\/wp-content\/uploads\/2025\/03\/Invergordon-27-Jahre.jpg\" rel=\"prettyPhoto\"><img loading=\"lazy\" decoding=\"async\" class=\"alignleft wp-image-3141 size-medium\" style=\"border: 0px solid #000000;\" src=\"https:\/\/whiskytales.de\/wp-content\/uploads\/2025\/03\/Invergordon-27-Jahre-126x300.jpg\" alt=\"\" width=\"126\" height=\"300\" srcset=\"https:\/\/whiskytales.de\/wp-content\/uploads\/2025\/03\/Invergordon-27-Jahre-126x300.jpg 126w, https:\/\/whiskytales.de\/wp-content\/uploads\/2025\/03\/Invergordon-27-Jahre-430x1024.jpg 430w, https:\/\/whiskytales.de\/wp-content\/uploads\/2025\/03\/Invergordon-27-Jahre-768x1829.jpg 768w, https:\/\/whiskytales.de\/wp-content\/uploads\/2025\/03\/Invergordon-27-Jahre-645x1536.jpg 645w, https:\/\/whiskytales.de\/wp-content\/uploads\/2025\/03\/Invergordon-27-Jahre-860x2048.jpg 860w, https:\/\/whiskytales.de\/wp-content\/uploads\/2025\/03\/Invergordon-27-Jahre.jpg 972w\" sizes=\"auto, (max-width: 126px) 100vw, 126px\" \/><\/a><\/strong><\/span><span style=\"font-size: 12pt;\"><strong>Status: <span style=\"color: #339966;\">auf Lager<br \/>\n<\/span><\/strong><\/span><span style=\"font-size: 12pt;\"><strong>Preis: \u20ac 85,00<br \/>\n<\/strong><\/span><span style=\"font-size: 12pt;\"><span style=\"font-size: 10pt;\">(\u20ac 170,00 \/ Liter)<br \/>\n<\/span><\/span><a href=\"https:\/\/whiskytales.de\/?page_id=354\">JETZT BESTELLEN<\/a><\/p>\n<p>Edition: \u201cItzpapalotl\u201d<br \/>\nDestillerie: Invergordon<br \/>\nAlter: 27 Jahre, Destilliert 1997 \/ Abgef\u00fcllt 2024<br \/>\nSt\u00e4rke: 54,8% Vol.<br \/>\nFassart: Bourbon \/ Sherry Finish<br \/>\nSingle Grain Scotch Whisky<br \/>\nNicht k\u00fchlfiltriert, nicht gef\u00e4rbt<br \/>\n0,5 Liter \/ 500 ml<br \/>\nEinzelfassabf\u00fcllung mit nur 389 Flaschen<\/p>\n<p><span style=\"font-size: 12pt;\">Preis: \u20ac 85,00 \/ Flasche (inkl. gesetzl. Mwst.)<br \/>\n<\/span><span style=\"font-size: 10pt;\">(entspricht einem Literpreis von \u20ac 170,00), (zzgl. <a href=\"https:\/\/whiskytales.de\/?page_id=79\">Versandkosten<\/a>)<\/span><\/p>\n<p><span style=\"font-size: 12pt;\">Invergordon, 27 Jahre, ein alter Grain zum Naschen, der sich im Glas sehr sch\u00f6n entwickelt.<\/span><\/p>\n<p><span style=\"font-size: 12pt;\"><div class=\"spoiler-wrap\"><h2 ><button data-group=\"a\" aria-controls=\"accordion_69d1b0283a99f\" class=\"spoiler-head no-icon collapsed accordion_group_a\" aria-expanded=\"false\" >Unsere Tasting-Notes:<span class=\"dashicons dashicons-arrow-right-alt2\" aria-hidden><\/span><\/button><\/h2><div aria-hidden=\"true\" id=\"accordion_69d1b0283a99f\" class=\"spoiler-body accordion_group_body_a\" style=\"display: none;\">\n<p><span style=\"font-size: 12pt;\"><strong>Nase:<\/strong> Der erste Eindruck geht in Richtung cremiges Toffee und der typischen &#8222;Grain-Klebrigkeit&#8220; &#8211; hiervon jedoch nur ein wenig. Die S\u00fc\u00dfe erinnert an Creme Brul\u00e9e mit einem Hauch von Beerenkompott und Blutorange. Hinzu kommen nussige Aromen. Mit sehr dezenter Leder-Note zeigt sich das reife Fass. Dieser reifen Note steht ein jugendlicher Grain gegen\u00fcber und l\u00e4sst an Zitronengras oder Ingwer denken.<\/span><\/p>\n<p><span style=\"font-size: 12pt;\"><strong>Geschmack \/ Abgang:<\/strong> Im Geschmack dominieren fruchtige Buttercreme, Nuss und dunkler Honig. Dazu der typische &#8222;Cerealien-Geschmack&#8220;, getragen von reifem Holz. Der Abgang gestaltet sich weich und elegant und gibt zuletzt etwas Ingwer-W\u00fcrze frei &#8211; Lecker!<\/span><\/p>\n<p><span style=\"font-size: 12pt;\"><\/span><\/p><\/div><noscript><div class=\"spoiler-body accordion_group_body_a\">\n<p><span style=\"font-size: 12pt;\"><strong>Nase:<\/strong> Der erste Eindruck geht in Richtung cremiges Toffee und der typischen &#8222;Grain-Klebrigkeit&#8220; &#8211; hiervon jedoch nur ein wenig. Die S\u00fc\u00dfe erinnert an Creme Brul\u00e9e mit einem Hauch von Beerenkompott und Blutorange. Hinzu kommen nussige Aromen. Mit sehr dezenter Leder-Note zeigt sich das reife Fass. Dieser reifen Note steht ein jugendlicher Grain gegen\u00fcber und l\u00e4sst an Zitronengras oder Ingwer denken.<\/span><\/p>\n<p><span style=\"font-size: 12pt;\"><strong>Geschmack \/ Abgang:<\/strong> Im Geschmack dominieren fruchtige Buttercreme, Nuss und dunkler Honig. Dazu der typische &#8222;Cerealien-Geschmack&#8220;, getragen von reifem Holz. Der Abgang gestaltet sich weich und elegant und gibt zuletzt etwas Ingwer-W\u00fcrze frei &#8211; Lecker!<\/span><\/p>\n<p><span style=\"font-size: 12pt;\"><\/span><\/p><\/div><\/noscript><\/div><\/span><\/p>\n\n<hr \/>\n<p><span style=\"font-size: 16pt;\"><strong>Bunnahbhain &#8211; Staoisha 12 Jahre<\/strong><\/span><br \/>\n<a href=\"https:\/\/whiskytales.de\/wp-content\/uploads\/2025\/12\/Staoisha-12-scaled.jpg\" rel=\"prettyPhoto\"><img loading=\"lazy\" decoding=\"async\" class=\"alignleft wp-image-3611 size-medium\" style=\"border: 0px solid #000000;\" src=\"https:\/\/whiskytales.de\/wp-content\/uploads\/2025\/12\/Staoisha-12-164x300.jpg\" alt=\"\" width=\"164\" height=\"300\" srcset=\"https:\/\/whiskytales.de\/wp-content\/uploads\/2025\/12\/Staoisha-12-164x300.jpg 164w, https:\/\/whiskytales.de\/wp-content\/uploads\/2025\/12\/Staoisha-12-558x1024.jpg 558w, https:\/\/whiskytales.de\/wp-content\/uploads\/2025\/12\/Staoisha-12-768x1408.jpg 768w, https:\/\/whiskytales.de\/wp-content\/uploads\/2025\/12\/Staoisha-12-838x1536.jpg 838w, https:\/\/whiskytales.de\/wp-content\/uploads\/2025\/12\/Staoisha-12-1117x2048.jpg 1117w, https:\/\/whiskytales.de\/wp-content\/uploads\/2025\/12\/Staoisha-12-scaled.jpg 1396w\" sizes=\"auto, (max-width: 164px) 100vw, 164px\" \/><\/a><br \/>\n<span style=\"font-size: 12pt;\"><strong>Status: <span style=\"color: #339966;\">auf Lager<\/span><\/strong><\/span><br \/>\n<span style=\"font-size: 12pt;\"><strong>Preis: \u20ac 99,00<\/strong><\/span><br \/>\n<span style=\"font-size: 10pt;\">(\u20ac 141,43 \/ Liter)<\/span><br \/>\n<a href=\"https:\/\/whiskytales.de\/?page_id=354\">JETZT BESTELLEN<\/a><\/p>\n<p>Edition: \u201cPixie\u201d<br \/>\nDestillerie: Bunnahabhain, Staoisha<br \/>\nAlter: 12 Jahre, Destilliert 2013 \/ Abgef\u00fcllt 2025<br \/>\nSt\u00e4rke: 56,5% Vol.<br \/>\nFassart: 1st fill Oloroso Sherry Cask<br \/>\nIslay Single Malt Scotch Whisky<br \/>\nNicht k\u00fchlfiltriert, nicht gef\u00e4rbt<br \/>\n0,7 Liter \/ 700 ml<br \/>\nEinzelfassabf\u00fcllung mit nur 277 Flaschen<\/p>\n<p><span style=\"font-size: 12pt;\">Preis: \u20ac 99,00 \/ Flasche (inkl. gesetzl. Mwst.)<\/span><br \/>\n<span style=\"font-size: 10pt;\">(entspricht einem Literpreis von \u20ac 141,43), (zzgl. <a href=\"https:\/\/whiskytales.de\/?page_id=79\">Versandkosten<\/a>)<\/span><\/p>\n<p><span style=\"font-size: 12pt;\">Staoisha, ein 12 Jahre alter, getorfter Bunnahabhain aus dem 1st fill Sherry Cask. Endlich ist er da&#8230;<\/span><\/p>\n<p><span style=\"font-size: 12pt;\"><div class=\"spoiler-wrap\"><h2 ><button data-group=\"a\" aria-controls=\"accordion_69d1b0283ac97\" class=\"spoiler-head no-icon collapsed accordion_group_a\" aria-expanded=\"false\" >Unsere Tasting-Notes:<span class=\"dashicons dashicons-arrow-right-alt2\" aria-hidden><\/span><\/button><\/h2><div aria-hidden=\"true\" id=\"accordion_69d1b0283ac97\" class=\"spoiler-body accordion_group_body_a\" style=\"display: none;\">\n<p><span style=\"font-size: 12pt;\"><strong>Nase:<\/strong> Direkt haben wir eine wunderbare Note von Torffeuer und dunklen S\u00fc\u00dfkirschen. Zur Rauchnote gesellt sich etwas Jod, Herbsterde und leichter Kautabak. Das Sherryfass gibt gebrannte Mandeln und Rumtopf dazu. Fertig entwickelt entfalten sich schwarzger\u00e4ucherter Wacholderschinken und eine angenehme Seebrise im weichen &#8222;Bunnahabhain-Style&#8220; dazu.<\/span><\/p>\n<p><span style=\"font-size: 12pt;\"><strong>Geschmack \/ Abgang:<\/strong> Erst intensive, in Kakao gebadete Kirsche mit Krokant, eingebunden in eine sch\u00f6ne, rauchig, torfige, maritime Seebrise. Sehr sch\u00f6n ausbalanciert zwischen der fruchtigen S\u00fc\u00dfe und maritimem Islay Torf mit Rauch, Seetang und leichtem Jod. Er bleibt lange auf der Zunge stehen, hier zeigt sich die Fasst\u00e4rke nochmal sehr angenehm&#8230; zweiter Schluck&#8230; &#8230;.ein Kracher!<\/span><\/p>\n<p><span style=\"font-size: 12pt;\"><\/span><\/p><\/div><noscript><div class=\"spoiler-body accordion_group_body_a\">\n<p><span style=\"font-size: 12pt;\"><strong>Nase:<\/strong> Direkt haben wir eine wunderbare Note von Torffeuer und dunklen S\u00fc\u00dfkirschen. Zur Rauchnote gesellt sich etwas Jod, Herbsterde und leichter Kautabak. Das Sherryfass gibt gebrannte Mandeln und Rumtopf dazu. Fertig entwickelt entfalten sich schwarzger\u00e4ucherter Wacholderschinken und eine angenehme Seebrise im weichen &#8222;Bunnahabhain-Style&#8220; dazu.<\/span><\/p>\n<p><span style=\"font-size: 12pt;\"><strong>Geschmack \/ Abgang:<\/strong> Erst intensive, in Kakao gebadete Kirsche mit Krokant, eingebunden in eine sch\u00f6ne, rauchig, torfige, maritime Seebrise. Sehr sch\u00f6n ausbalanciert zwischen der fruchtigen S\u00fc\u00dfe und maritimem Islay Torf mit Rauch, Seetang und leichtem Jod. Er bleibt lange auf der Zunge stehen, hier zeigt sich die Fasst\u00e4rke nochmal sehr angenehm&#8230; zweiter Schluck&#8230; &#8230;.ein Kracher!<\/span><\/p>\n<p><span style=\"font-size: 12pt;\"><\/span><\/p><\/div><\/noscript><\/div><\/span><\/p>\n\n<hr \/>\n<p><span style=\"font-size: 16pt;\"><strong>Craigellachie 18 Jahre<\/strong><\/span><br \/>\n<span style=\"font-size: 16pt;\"><strong><a href=\"https:\/\/whiskytales.de\/wp-content\/uploads\/2025\/12\/Craigellachie-18-scaled.jpg\" rel=\"prettyPhoto\"><img loading=\"lazy\" decoding=\"async\" class=\"alignleft wp-image-3618 size-medium\" style=\"border: 0px solid #000000;\" src=\"https:\/\/whiskytales.de\/wp-content\/uploads\/2025\/12\/Craigellachie-18-159x300.jpg\" alt=\"\" width=\"159\" height=\"300\" srcset=\"https:\/\/whiskytales.de\/wp-content\/uploads\/2025\/12\/Craigellachie-18-159x300.jpg 159w, https:\/\/whiskytales.de\/wp-content\/uploads\/2025\/12\/Craigellachie-18-542x1024.jpg 542w, https:\/\/whiskytales.de\/wp-content\/uploads\/2025\/12\/Craigellachie-18-768x1452.jpg 768w, https:\/\/whiskytales.de\/wp-content\/uploads\/2025\/12\/Craigellachie-18-812x1536.jpg 812w, https:\/\/whiskytales.de\/wp-content\/uploads\/2025\/12\/Craigellachie-18-1083x2048.jpg 1083w, https:\/\/whiskytales.de\/wp-content\/uploads\/2025\/12\/Craigellachie-18-scaled.jpg 1354w\" sizes=\"auto, (max-width: 159px) 100vw, 159px\" \/><\/a><\/strong><\/span><span style=\"font-size: 12pt;\"><strong>Status: <span style=\"color: #339966;\">auf Lager<\/span><\/strong><\/span><br \/>\n<span style=\"font-size: 12pt;\"><strong>Preis: \u20ac 95,00<\/strong><\/span><br \/>\n<span style=\"font-size: 10pt;\">(\u20ac 135,71 \/ Liter)<\/span><br \/>\n<a href=\"https:\/\/whiskytales.de\/?page_id=354\">JETZT BESTELLEN<\/a><\/p>\n<p>Edition: \u201cHappy Birthday\u201d<br \/>\nDestillerie: Craigellachie<br \/>\nAlter: 18 Jahre, Destilliert 2007 \/ Abgef\u00fcllt 2025<br \/>\nSt\u00e4rke: 57,3% Vol.<br \/>\nFassart: 1st fill Sherry<br \/>\nSpeyside Single Malt Scotch Whisky<br \/>\nNicht k\u00fchlfiltriert, nicht gef\u00e4rbt<br \/>\n0,7 Liter \/ 700 ml<br \/>\nEinzelfassabf\u00fcllung mit nur 276 Flaschen<\/p>\n<p><span style=\"font-size: 12pt;\">Preis: \u20ac 95,00 \/ Flasche (inkl. gesetzl. Mwst.)<\/span><br \/>\n<span style=\"font-size: 10pt;\">(entspricht einem Literpreis von \u20ac 135,71), (zzgl. <a href=\"https:\/\/whiskytales.de\/?page_id=79\">Versandkosten<\/a>)<\/span><\/p>\n<p><span style=\"font-size: 12pt;\">Craigellachie 18 Jahre, zu unserem 20-j\u00e4hrigen Jubil\u00e4um, ein spannender Tropfen aus der Speyside und ebenfalls aus einem 1st fill Sherry Cask&#8230;<\/span><\/p>\n<p><span style=\"font-size: 12pt;\"><div class=\"spoiler-wrap\"><h2 ><button data-group=\"a\" aria-controls=\"accordion_69d1b0283af38\" class=\"spoiler-head no-icon collapsed accordion_group_a\" aria-expanded=\"false\" >Unsere Tasting-Notes:<span class=\"dashicons dashicons-arrow-right-alt2\" aria-hidden><\/span><\/button><\/h2><div aria-hidden=\"true\" id=\"accordion_69d1b0283af38\" class=\"spoiler-body accordion_group_body_a\" style=\"display: none;\">\n<p><span style=\"font-size: 12pt;\"><strong>Nase:<\/strong> S\u00fc\u00dfe Heidelbeermarmelade mit Orange und etwas Vanille. Dazu kommt Krokant, Lemongras und Haselnussaufstrich. S\u00fc\u00dfkirsche baut sich langsam auf und kommt nach vorne.<\/span><\/p>\n<p><span style=\"font-size: 12pt;\"><strong>Geschmack \/ Abgang:<\/strong> Auf der Zunge zun\u00e4chst S\u00fc\u00dfkirsche und Kakao, die kurz stehen bleiben und dem Malt einen s\u00fc\u00dfen Touch verleihen wollen. Dann folgen Orange, w\u00fcrziges, angenehmes Malz und Ingwer, die den Malt in die entgegengesetzte Richtung zerren. Das sch\u00f6ne Gegenspiel der Aromen und deren Fusion enden in einem buttrigen, mit Ingwer und Orangenmarmelade beladenen Abgang. Leicht &#8222;bitzelnd&#8220; mit etwas Zitrus und Kirsche vergl\u00fcht der Speysider w\u00fcrzig&#8230; &#8230;hui, nochmal probieren!!<\/span><\/p>\n<p><span style=\"font-size: 12pt;\"><\/span><\/p><\/div><noscript><div class=\"spoiler-body accordion_group_body_a\">\n<p><span style=\"font-size: 12pt;\"><strong>Nase:<\/strong> S\u00fc\u00dfe Heidelbeermarmelade mit Orange und etwas Vanille. Dazu kommt Krokant, Lemongras und Haselnussaufstrich. S\u00fc\u00dfkirsche baut sich langsam auf und kommt nach vorne.<\/span><\/p>\n<p><span style=\"font-size: 12pt;\"><strong>Geschmack \/ Abgang:<\/strong> Auf der Zunge zun\u00e4chst S\u00fc\u00dfkirsche und Kakao, die kurz stehen bleiben und dem Malt einen s\u00fc\u00dfen Touch verleihen wollen. Dann folgen Orange, w\u00fcrziges, angenehmes Malz und Ingwer, die den Malt in die entgegengesetzte Richtung zerren. Das sch\u00f6ne Gegenspiel der Aromen und deren Fusion enden in einem buttrigen, mit Ingwer und Orangenmarmelade beladenen Abgang. Leicht &#8222;bitzelnd&#8220; mit etwas Zitrus und Kirsche vergl\u00fcht der Speysider w\u00fcrzig&#8230; &#8230;hui, nochmal probieren!!<\/span><\/p>\n<p><span style=\"font-size: 12pt;\"><\/span><\/p><\/div><\/noscript><\/div><\/span><\/p>\n\n<hr \/>\n","protected":false},"excerpt":{"rendered":"<p>Aktuelle Abf\u00fcllungen<\/p>\n","protected":false},"author":4,"featured_media":0,"parent":5,"menu_order":1,"comment_status":"closed","ping_status":"closed","template":"sidebar-page.php","meta":{"footnotes":""},"class_list":["post-14","page","type-page","status-publish","hentry"],"_links":{"self":[{"href":"https:\/\/whiskytales.de\/index.php?rest_route=\/wp\/v2\/pages\/14","targetHints":{"allow":["GET"]}}],"collection":[{"href":"https:\/\/whiskytales.de\/index.php?rest_route=\/wp\/v2\/pages"}],"about":[{"href":"https:\/\/whiskytales.de\/index.php?rest_route=\/wp\/v2\/types\/page"}],"author":[{"embeddable":true,"href":"https:\/\/whiskytales.de\/index.php?rest_route=\/wp\/v2\/users\/4"}],"replies":[{"embeddable":true,"href":"https:\/\/whiskytales.de\/index.php?rest_route=%2Fwp%2Fv2%2Fcomments&post=14"}],"version-history":[{"count":227,"href":"https:\/\/whiskytales.de\/index.php?rest_route=\/wp\/v2\/pages\/14\/revisions"}],"predecessor-version":[{"id":3634,"href":"https:\/\/whiskytales.de\/index.php?rest_route=\/wp\/v2\/pages\/14\/revisions\/3634"}],"up":[{"embeddable":true,"href":"https:\/\/whiskytales.de\/index.php?rest_route=\/wp\/v2\/pages\/5"}],"wp:attachment":[{"href":"https:\/\/whiskytales.de\/index.php?rest_route=%2Fwp%2Fv2%2Fmedia&parent=14"}],"curies":[{"name":"wp","href":"https:\/\/api.w.org\/{rel}","templated":true}]}}