{"id":1461,"date":"2020-04-21T16:13:05","date_gmt":"2020-04-21T15:13:05","guid":{"rendered":"https:\/\/whiskytales.de\/?page_id=1461"},"modified":"2024-08-09T13:22:22","modified_gmt":"2024-08-09T12:22:22","slug":"caol-ila-11-jahre","status":"publish","type":"page","link":"https:\/\/whiskytales.de\/?page_id=1461","title":{"rendered":"Caol-Ila 11 Jahre"},"content":{"rendered":"<p><span style=\"font-size: 16pt;\"><strong><a href=\"https:\/\/whiskytales.de\/wp-content\/uploads\/2020\/04\/Caol-Ila-11-Jahre-scaled.jpg\" rel=\"prettyPhoto\"><img loading=\"lazy\" decoding=\"async\" class=\"alignleft wp-image-1462 size-medium\" style=\"border: 0px solid #000000;\" src=\"https:\/\/whiskytales.de\/wp-content\/uploads\/2020\/04\/Caol-Ila-11-Jahre-77x300.jpg\" alt=\"\" width=\"77\" height=\"300\" srcset=\"https:\/\/whiskytales.de\/wp-content\/uploads\/2020\/04\/Caol-Ila-11-Jahre-77x300.jpg 77w, https:\/\/whiskytales.de\/wp-content\/uploads\/2020\/04\/Caol-Ila-11-Jahre-262x1024.jpg 262w, https:\/\/whiskytales.de\/wp-content\/uploads\/2020\/04\/Caol-Ila-11-Jahre-768x2996.jpg 768w, https:\/\/whiskytales.de\/wp-content\/uploads\/2020\/04\/Caol-Ila-11-Jahre-394x1536.jpg 394w, https:\/\/whiskytales.de\/wp-content\/uploads\/2020\/04\/Caol-Ila-11-Jahre-525x2048.jpg 525w, https:\/\/whiskytales.de\/wp-content\/uploads\/2020\/04\/Caol-Ila-11-Jahre-scaled.jpg 656w\" sizes=\"auto, (max-width: 77px) 100vw, 77px\" \/><\/a>Caol-Ila Destillery, 11 Jahre, Islay, &#8222;Spartan Warrior&#8220;<\/strong><\/span><\/p>\n<p><span style=\"font-size: 12pt;\"><strong>Status: <span style=\"color: #ff0000;\">leider ausverkauft<\/span><\/strong><\/span><\/p>\n<p><span style=\"font-size: 12pt;\">Edition: \u201cSpartan Warrior\u201d<br \/>\nDestillerie: Caol-Ila<br \/>\nAlter: 11 Jahre, Destilliert 2008 \/ Abgef\u00fcllt 2020<br \/>\nSt\u00e4rke: 53,2% Vol.<br \/>\nFassart: Bourbon<br \/>\nSingle Cask, Single Malt, Scotch Whisky<br \/>\nNicht k\u00fchlfiltriert, nicht gef\u00e4rbt<br \/>\n0,7Liter \/ 700ml<br \/>\nEinzelfassabf\u00fcllung mit nur 80 Flaschen<\/span><\/p>\n<p><span style=\"font-size: 12pt;\">Caol-Ila, Islay, raue Klippen und Meer. Ein Malt der auf wechselhaftes Islay-Wetter wartet.<\/span><\/p>\n<p><span style=\"font-size: 12pt;\"><div class=\"spoiler-wrap\"><h2 ><button data-group=\"a\" aria-controls=\"accordion_69f3cb5eb6003\" class=\"spoiler-head no-icon collapsed accordion_group_a\" aria-expanded=\"false\" >Unsere Tasting-Notes:<span class=\"dashicons dashicons-arrow-right-alt2\" aria-hidden><\/span><\/button><\/h2><div aria-hidden=\"true\" id=\"accordion_69f3cb5eb6003\" class=\"spoiler-body accordion_group_body_a\" style=\"display: none;\">\n<p><span style=\"font-size: 12pt;\"><strong>Nase<\/strong>: Ein ungew\u00f6hnlicher Start mit Fruchtbuttermilch, die sich mit Creme-Brulee und Zitrusfr\u00fcchten paart. Leichter Torfrauch und Ananas entickeln sich.<br \/>\n<\/span><\/p>\n<p><span style=\"font-size: 12pt;\"><strong>Geschmack\/Abgang<\/strong>: Frisches, in Zitrusfr\u00fcchten eingebundenes Malz, dazu eine torfig-salzige Meeresbrise, die uns an die Gischt bei einem Spaziergang am Meer erinnert. Der Caol-Ila bleibt lange stehen und versickert nach diesem Spaziergnag mit leichtem Rauch.<br \/>\n<\/span><br \/>\n<\/p><\/div><noscript><div class=\"spoiler-body accordion_group_body_a\">\n<p><span style=\"font-size: 12pt;\"><strong>Nase<\/strong>: Ein ungew\u00f6hnlicher Start mit Fruchtbuttermilch, die sich mit Creme-Brulee und Zitrusfr\u00fcchten paart. Leichter Torfrauch und Ananas entickeln sich.<br \/>\n<\/span><\/p>\n<p><span style=\"font-size: 12pt;\"><strong>Geschmack\/Abgang<\/strong>: Frisches, in Zitrusfr\u00fcchten eingebundenes Malz, dazu eine torfig-salzige Meeresbrise, die uns an die Gischt bei einem Spaziergang am Meer erinnert. Der Caol-Ila bleibt lange stehen und versickert nach diesem Spaziergnag mit leichtem Rauch.<br \/>\n<\/span><br \/>\n<\/p><\/div><\/noscript><\/div><\/p>\n","protected":false},"excerpt":{"rendered":"<p>Caol-Ila Destillery, 11 Jahre, Islay, &#8222;Spartan Warrior&#8220; Status: leider ausverkauft Edition: \u201cSpartan Warrior\u201d Destillerie: Caol-Ila Alter: 11 Jahre, Destilliert 2008 \/ Abgef\u00fcllt 2020 St\u00e4rke: 53,2% Vol. Fassart: Bourbon Single Cask, Single Malt, Scotch Whisky Nicht k\u00fchlfiltriert, nicht gef\u00e4rbt 0,7Liter \/ &hellip; <a href=\"https:\/\/whiskytales.de\/?page_id=1461\">Weiterlesen <span class=\"meta-nav\">&rarr;<\/span><\/a><\/p>\n","protected":false},"author":4,"featured_media":0,"parent":19,"menu_order":0,"comment_status":"closed","ping_status":"closed","template":"","meta":{"footnotes":""},"class_list":["post-1461","page","type-page","status-publish","hentry"],"_links":{"self":[{"href":"https:\/\/whiskytales.de\/index.php?rest_route=\/wp\/v2\/pages\/1461","targetHints":{"allow":["GET"]}}],"collection":[{"href":"https:\/\/whiskytales.de\/index.php?rest_route=\/wp\/v2\/pages"}],"about":[{"href":"https:\/\/whiskytales.de\/index.php?rest_route=\/wp\/v2\/types\/page"}],"author":[{"embeddable":true,"href":"https:\/\/whiskytales.de\/index.php?rest_route=\/wp\/v2\/users\/4"}],"replies":[{"embeddable":true,"href":"https:\/\/whiskytales.de\/index.php?rest_route=%2Fwp%2Fv2%2Fcomments&post=1461"}],"version-history":[{"count":4,"href":"https:\/\/whiskytales.de\/index.php?rest_route=\/wp\/v2\/pages\/1461\/revisions"}],"predecessor-version":[{"id":2683,"href":"https:\/\/whiskytales.de\/index.php?rest_route=\/wp\/v2\/pages\/1461\/revisions\/2683"}],"up":[{"embeddable":true,"href":"https:\/\/whiskytales.de\/index.php?rest_route=\/wp\/v2\/pages\/19"}],"wp:attachment":[{"href":"https:\/\/whiskytales.de\/index.php?rest_route=%2Fwp%2Fv2%2Fmedia&parent=1461"}],"curies":[{"name":"wp","href":"https:\/\/api.w.org\/{rel}","templated":true}]}}