{"id":1886,"date":"2022-04-09T18:28:33","date_gmt":"2022-04-09T17:28:33","guid":{"rendered":"https:\/\/whiskytales.de\/?page_id=1886"},"modified":"2024-08-09T13:03:34","modified_gmt":"2024-08-09T12:03:34","slug":"orkney-viking-12-jahre-viking-shield","status":"publish","type":"page","link":"https:\/\/whiskytales.de\/?page_id=1886","title":{"rendered":"Orkney Viking, 12 Jahre &#8222;Viking Shield&#8220;"},"content":{"rendered":"<p><span style=\"font-size: 16pt;\"><strong><a href=\"https:\/\/whiskytales.de\/wp-content\/uploads\/2022\/04\/orkney_viking12jahre2022.jpg\" rel=\"prettyPhoto\"><img loading=\"lazy\" decoding=\"async\" class=\"alignleft wp-image-1888 size-medium\" style=\"border: 0px solid #000000;\" src=\"https:\/\/whiskytales.de\/wp-content\/uploads\/2022\/04\/orkney_viking12jahre2022-80x300.jpg\" alt=\"\" width=\"80\" height=\"300\" srcset=\"https:\/\/whiskytales.de\/wp-content\/uploads\/2022\/04\/orkney_viking12jahre2022-80x300.jpg 80w, https:\/\/whiskytales.de\/wp-content\/uploads\/2022\/04\/orkney_viking12jahre2022-273x1024.jpg 273w, https:\/\/whiskytales.de\/wp-content\/uploads\/2022\/04\/orkney_viking12jahre2022-409x1536.jpg 409w, https:\/\/whiskytales.de\/wp-content\/uploads\/2022\/04\/orkney_viking12jahre2022-546x2048.jpg 546w, https:\/\/whiskytales.de\/wp-content\/uploads\/2022\/04\/orkney_viking12jahre2022.jpg 660w\" sizes=\"auto, (max-width: 80px) 100vw, 80px\" \/><\/a>Orkney Viking, 12 Jahre &#8222;Viking Shield&#8220;<\/strong><\/span><\/p>\n<p><span style=\"font-size: 12pt;\"><strong>Status: <span style=\"color: #ff0000;\">leider ausverkauft<\/span><\/strong><br \/>\nEdition: \u201cViking Shield\u201d<br \/>\nDestillerie: Secret Orkney Destillery<br \/>\nAlter: 12 Jahre, Destilliert 2009 \/ Abgef\u00fcllt 2021<br \/>\nSt\u00e4rke: 61,7% Vol.<br \/>\nFassart: Bourbon Cask &#8211; Finished for more than 21 month\u00b4s in a px-sherry cask<br \/>\nSingle Cask, Single Malt, Scotch Whisky<br \/>\nNicht k\u00fchlfiltriert, nicht gef\u00e4rbt<br \/>\n0,7Liter \/ 700ml<br \/>\nEinzelfassabf\u00fcllung mit nur 78 Flaschen<\/p>\n<p><\/span><br \/>\n<span style=\"font-size: 12pt;\">Der 12-j\u00e4hrige &#8222;Orkney Viking&#8220;aus der n\u00f6rdlichsten Destille Schottlands hat uns \u00fcberrascht und tritt die w\u00fcrdige Nachfolge des &#8222;Orcadian&#8220; an. Nach guten 10 Jahren durfte sich der &#8222;Viking&#8220; vom Bourbon in ein PX-Sherry-Fass umbetten&#8230; Eine gute Idee wie wir finden&#8230;<\/span><\/p>\n<div class=\"spoiler-wrap\"><h2 ><button data-group=\"a\" aria-controls=\"accordion_69f3b895dec4b\" class=\"spoiler-head no-icon collapsed accordion_group_a\" aria-expanded=\"false\" >Unsere Tasting-Notes:<span class=\"dashicons dashicons-arrow-right-alt2\" aria-hidden><\/span><\/button><\/h2><div aria-hidden=\"true\" id=\"accordion_69f3b895dec4b\" class=\"spoiler-body accordion_group_body_a\" style=\"display: none;\">\n<p><span style=\"font-size: 12pt;\"><strong>Nase<\/strong>: \u00dcberraschend zeigt sich Aprikose, Vanille und Citrus, gemischt mit leichtem Heidekraut und einer dezenten maritimen Seebrise. Im Hintergrund erahnen wir etwas Torf. Nach kurzer Zeit im Glas entwickeln sich Krokant- und Schokonoten<br \/>\n<\/span><\/p>\n<p><span style=\"font-size: 12pt;\"><strong>Geschmack \/ Abgang<\/strong>: Erinnerungen an bittere Orangen Marmelade gepaart mit etwas Zitrone und Vanille entstehen auf der Zunge. Die pfeffrig, w\u00fcrzigen Noten sind durch den sherrytouch wunderbar eingebunden. Das PX-Fass hat hier die St\u00e4rke des Malts wunderbar abgerundet. Ein langer Nachhall f\u00fcllt die Mundh\u00f6hle &#8211; Adult Stuff;-)<br \/>\n<\/span><\/p><\/div><noscript><div class=\"spoiler-body accordion_group_body_a\">\n<p><span style=\"font-size: 12pt;\"><strong>Nase<\/strong>: \u00dcberraschend zeigt sich Aprikose, Vanille und Citrus, gemischt mit leichtem Heidekraut und einer dezenten maritimen Seebrise. Im Hintergrund erahnen wir etwas Torf. Nach kurzer Zeit im Glas entwickeln sich Krokant- und Schokonoten<br \/>\n<\/span><\/p>\n<p><span style=\"font-size: 12pt;\"><strong>Geschmack \/ Abgang<\/strong>: Erinnerungen an bittere Orangen Marmelade gepaart mit etwas Zitrone und Vanille entstehen auf der Zunge. Die pfeffrig, w\u00fcrzigen Noten sind durch den sherrytouch wunderbar eingebunden. Das PX-Fass hat hier die St\u00e4rke des Malts wunderbar abgerundet. Ein langer Nachhall f\u00fcllt die Mundh\u00f6hle &#8211; Adult Stuff;-)<br \/>\n<\/span><\/p><\/div><\/noscript><\/div><\/span><\/p>\n","protected":false},"excerpt":{"rendered":"<p>Orkney Viking, 12 Jahre &#8222;Viking Shield&#8220; Status: leider ausverkauft Edition: \u201cViking Shield\u201d Destillerie: Secret Orkney Destillery Alter: 12 Jahre, Destilliert 2009 \/ Abgef\u00fcllt 2021 St\u00e4rke: 61,7% Vol. Fassart: Bourbon Cask &#8211; Finished for more than 21 month\u00b4s in a px-sherry &hellip; <a href=\"https:\/\/whiskytales.de\/?page_id=1886\">Weiterlesen <span class=\"meta-nav\">&rarr;<\/span><\/a><\/p>\n","protected":false},"author":4,"featured_media":0,"parent":19,"menu_order":0,"comment_status":"closed","ping_status":"closed","template":"sidebar-page.php","meta":{"footnotes":""},"class_list":["post-1886","page","type-page","status-publish","hentry"],"_links":{"self":[{"href":"https:\/\/whiskytales.de\/index.php?rest_route=\/wp\/v2\/pages\/1886","targetHints":{"allow":["GET"]}}],"collection":[{"href":"https:\/\/whiskytales.de\/index.php?rest_route=\/wp\/v2\/pages"}],"about":[{"href":"https:\/\/whiskytales.de\/index.php?rest_route=\/wp\/v2\/types\/page"}],"author":[{"embeddable":true,"href":"https:\/\/whiskytales.de\/index.php?rest_route=\/wp\/v2\/users\/4"}],"replies":[{"embeddable":true,"href":"https:\/\/whiskytales.de\/index.php?rest_route=%2Fwp%2Fv2%2Fcomments&post=1886"}],"version-history":[{"count":13,"href":"https:\/\/whiskytales.de\/index.php?rest_route=\/wp\/v2\/pages\/1886\/revisions"}],"predecessor-version":[{"id":2666,"href":"https:\/\/whiskytales.de\/index.php?rest_route=\/wp\/v2\/pages\/1886\/revisions\/2666"}],"up":[{"embeddable":true,"href":"https:\/\/whiskytales.de\/index.php?rest_route=\/wp\/v2\/pages\/19"}],"wp:attachment":[{"href":"https:\/\/whiskytales.de\/index.php?rest_route=%2Fwp%2Fv2%2Fmedia&parent=1886"}],"curies":[{"name":"wp","href":"https:\/\/api.w.org\/{rel}","templated":true}]}}