{"id":1891,"date":"2022-04-09T18:34:38","date_gmt":"2022-04-09T17:34:38","guid":{"rendered":"https:\/\/whiskytales.de\/?page_id=1891"},"modified":"2024-08-09T12:43:13","modified_gmt":"2024-08-09T11:43:13","slug":"craigellachie-destillery-14-jahre-ikarus","status":"publish","type":"page","link":"https:\/\/whiskytales.de\/?page_id=1891","title":{"rendered":"Craigellachie Destillery, 14 Jahre, &#8222;Ikarus&#8220;"},"content":{"rendered":"<p><span style=\"font-size: 16pt;\"><strong><a href=\"https:\/\/whiskytales.de\/wp-content\/uploads\/2022\/04\/Craigellachie_14Jahre_2022.jpg\" rel=\"prettyPhoto\"><img loading=\"lazy\" decoding=\"async\" class=\"alignleft wp-image-1892 size-medium\" style=\"border: 0px solid #000000;\" src=\"https:\/\/whiskytales.de\/wp-content\/uploads\/2022\/04\/Craigellachie_14Jahre_2022-129x300.jpg\" alt=\"\" width=\"129\" height=\"300\" srcset=\"https:\/\/whiskytales.de\/wp-content\/uploads\/2022\/04\/Craigellachie_14Jahre_2022-129x300.jpg 129w, https:\/\/whiskytales.de\/wp-content\/uploads\/2022\/04\/Craigellachie_14Jahre_2022-441x1024.jpg 441w, https:\/\/whiskytales.de\/wp-content\/uploads\/2022\/04\/Craigellachie_14Jahre_2022-768x1785.jpg 768w, https:\/\/whiskytales.de\/wp-content\/uploads\/2022\/04\/Craigellachie_14Jahre_2022-661x1536.jpg 661w, https:\/\/whiskytales.de\/wp-content\/uploads\/2022\/04\/Craigellachie_14Jahre_2022-881x2048.jpg 881w, https:\/\/whiskytales.de\/wp-content\/uploads\/2022\/04\/Craigellachie_14Jahre_2022.jpg 993w\" sizes=\"auto, (max-width: 129px) 100vw, 129px\" \/><\/a>Craigellachie Destillery, 14 Jahre, &#8222;Ikarus&#8220;<\/strong><\/span><\/p>\n<p><span style=\"font-size: 12pt;\"><strong>Status: <span style=\"color: #ff0000;\">leider ausverkauft<\/span><\/strong><\/span><br \/>\n<span style=\"font-size: 12pt;\">Edition: \u201cIkarus\u201d<br \/>\nDestillerie: Craigellachie<br \/>\nAlter: 14 Jahre, Destilliert 2007 \/ Abgef\u00fcllt 2022<br \/>\nSt\u00e4rke: 57,6% Vol.<br \/>\nFassart: Bourbon<br \/>\nSingle Cask, Single Malt, Scotch Whisky<br \/>\nNicht k\u00fchlfiltriert, nicht gef\u00e4rbt<br \/>\n0,5Liter \/ 500ml<br \/>\nEinzelfassabf\u00fcllung mit nur 165 Flaschen<\/span><\/p>\n<p><span style=\"font-size: 12pt;\">Craigellachie &#8211; Goldgelb wartet er nach 14-Jahren\u00a0auf Eure Entdeckung<\/span><\/p>\n<p><span style=\"font-size: 12pt;\"><div class=\"spoiler-wrap\"><h2 ><button data-group=\"a\" aria-controls=\"accordion_69f3b8b09217a\" class=\"spoiler-head no-icon collapsed accordion_group_a\" aria-expanded=\"false\" >Unsere Tasting-Notes:<span class=\"dashicons dashicons-arrow-right-alt2\" aria-hidden><\/span><\/button><\/h2><div aria-hidden=\"true\" id=\"accordion_69f3b8b09217a\" class=\"spoiler-body accordion_group_body_a\" style=\"display: none;\">\n<p><span style=\"font-size: 12pt;\"><strong>Nase<\/strong>: Die Reifung im Bourbonfass verspr\u00fcht zun\u00e4chst Vanille, Buttertoffee, Honig und ger\u00f6stete Mandeln. Kandierter Apfel und ein Anflug von Rosmarin folgen nach kurzer Entwicklung.<br \/>\n<\/span><\/p>\n<p><span style=\"font-size: 12pt;\"><strong>Geschmack \/ Abgang<\/strong>: Milchschokolade und Bourbon-Vanille breiten sich \u00f6lig aus. Orangenmarmelade und w\u00fcrziges Lemongras verbinden sich und verschmelzen im Abgang mit einer in Honig gel\u00f6sten Espressonote.<br \/>\n<\/span><\/p><\/div><noscript><div class=\"spoiler-body accordion_group_body_a\">\n<p><span style=\"font-size: 12pt;\"><strong>Nase<\/strong>: Die Reifung im Bourbonfass verspr\u00fcht zun\u00e4chst Vanille, Buttertoffee, Honig und ger\u00f6stete Mandeln. Kandierter Apfel und ein Anflug von Rosmarin folgen nach kurzer Entwicklung.<br \/>\n<\/span><\/p>\n<p><span style=\"font-size: 12pt;\"><strong>Geschmack \/ Abgang<\/strong>: Milchschokolade und Bourbon-Vanille breiten sich \u00f6lig aus. Orangenmarmelade und w\u00fcrziges Lemongras verbinden sich und verschmelzen im Abgang mit einer in Honig gel\u00f6sten Espressonote.<br \/>\n<\/span><\/p><\/div><\/noscript><\/div><\/p>\n","protected":false},"excerpt":{"rendered":"<p>Craigellachie Destillery, 14 Jahre, &#8222;Ikarus&#8220; Status: leider ausverkauft Edition: \u201cIkarus\u201d Destillerie: Craigellachie Alter: 14 Jahre, Destilliert 2007 \/ Abgef\u00fcllt 2022 St\u00e4rke: 57,6% Vol. Fassart: Bourbon Single Cask, Single Malt, Scotch Whisky Nicht k\u00fchlfiltriert, nicht gef\u00e4rbt 0,5Liter \/ 500ml Einzelfassabf\u00fcllung mit &hellip; <a href=\"https:\/\/whiskytales.de\/?page_id=1891\">Weiterlesen <span class=\"meta-nav\">&rarr;<\/span><\/a><\/p>\n","protected":false},"author":4,"featured_media":0,"parent":19,"menu_order":0,"comment_status":"closed","ping_status":"closed","template":"sidebar-page.php","meta":{"footnotes":""},"class_list":["post-1891","page","type-page","status-publish","hentry"],"_links":{"self":[{"href":"https:\/\/whiskytales.de\/index.php?rest_route=\/wp\/v2\/pages\/1891","targetHints":{"allow":["GET"]}}],"collection":[{"href":"https:\/\/whiskytales.de\/index.php?rest_route=\/wp\/v2\/pages"}],"about":[{"href":"https:\/\/whiskytales.de\/index.php?rest_route=\/wp\/v2\/types\/page"}],"author":[{"embeddable":true,"href":"https:\/\/whiskytales.de\/index.php?rest_route=\/wp\/v2\/users\/4"}],"replies":[{"embeddable":true,"href":"https:\/\/whiskytales.de\/index.php?rest_route=%2Fwp%2Fv2%2Fcomments&post=1891"}],"version-history":[{"count":9,"href":"https:\/\/whiskytales.de\/index.php?rest_route=\/wp\/v2\/pages\/1891\/revisions"}],"predecessor-version":[{"id":2646,"href":"https:\/\/whiskytales.de\/index.php?rest_route=\/wp\/v2\/pages\/1891\/revisions\/2646"}],"up":[{"embeddable":true,"href":"https:\/\/whiskytales.de\/index.php?rest_route=\/wp\/v2\/pages\/19"}],"wp:attachment":[{"href":"https:\/\/whiskytales.de\/index.php?rest_route=%2Fwp%2Fv2%2Fmedia&parent=1891"}],"curies":[{"name":"wp","href":"https:\/\/api.w.org\/{rel}","templated":true}]}}