{"id":1978,"date":"2022-09-16T19:43:19","date_gmt":"2022-09-16T18:43:19","guid":{"rendered":"https:\/\/whiskytales.de\/?page_id=1978"},"modified":"2024-08-09T12:29:01","modified_gmt":"2024-08-09T11:29:01","slug":"goblins-peated-islay-iii-13-jahre-islay-single-malt-scotch-whisky-sherry-cask","status":"publish","type":"page","link":"https:\/\/whiskytales.de\/?page_id=1978","title":{"rendered":"&#8222;Goblins peated Islay III&#8220;, 13 Jahre, Islay Single Malt Scotch Whisky, Sherry Cask"},"content":{"rendered":"<p><span style=\"font-size: 16pt;\"><strong><a href=\"https:\/\/whiskytales.de\/wp-content\/uploads\/2022\/09\/P1070867.jpg\" rel=\"prettyPhoto\"><img loading=\"lazy\" decoding=\"async\" class=\"alignleft wp-image-1979 size-medium\" style=\"border: 0px solid #000000;\" src=\"https:\/\/whiskytales.de\/wp-content\/uploads\/2022\/09\/P1070867-184x300.jpg\" alt=\"\" width=\"184\" height=\"300\" srcset=\"https:\/\/whiskytales.de\/wp-content\/uploads\/2022\/09\/P1070867-184x300.jpg 184w, https:\/\/whiskytales.de\/wp-content\/uploads\/2022\/09\/P1070867-628x1024.jpg 628w, https:\/\/whiskytales.de\/wp-content\/uploads\/2022\/09\/P1070867-768x1253.jpg 768w, https:\/\/whiskytales.de\/wp-content\/uploads\/2022\/09\/P1070867-941x1536.jpg 941w, https:\/\/whiskytales.de\/wp-content\/uploads\/2022\/09\/P1070867-1255x2048.jpg 1255w, https:\/\/whiskytales.de\/wp-content\/uploads\/2022\/09\/P1070867.jpg 1456w\" sizes=\"auto, (max-width: 184px) 100vw, 184px\" \/><\/a>&#8222;Goblins peated Islay III&#8220;, 13 Jahre, Islay Single Malt Scotch Whisky, Sherry Cask<\/strong><\/span><\/p>\n<p><span style=\"font-size: 12pt;\"><strong>Status: <span style=\"color: #339966;\"><span style=\"color: #ff0000;\">leider ausverkauft<\/span><\/span><\/strong><\/span><\/p>\n<p><span style=\"font-size: 12pt;\">Edition: \u201cThe Goblin III\u201d<\/span><br \/>\n<span style=\"font-size: 12pt;\">Destillerie: A secret Islay Destillery<br \/>\nAlter: 13 Jahre, Destilliert 2008 \/ Abgef\u00fcllt 2022<br \/>\nSt\u00e4rke: 57,1% Vol.<br \/>\nFassart: Olorosso Sherry Cask<br \/>\nSingle Cask, Single Malt Scotch Whisky<br \/>\nNicht k\u00fchlfiltriert, nicht gef\u00e4rbt<br \/>\n0,7Liter \/ 700ml<br \/>\nEinzelfassabf\u00fcllung mit nur 294 Flaschen<\/span><\/p>\n<p><span style=\"font-size: 12pt;\">&#8222;Goblins Peated Islay III&#8220; &#8211; aus der 2ten Destille, an der man vor\u00fcber kommt, wenn man von Port Ellen nach Ardbeg wandert, stammt diese Abf\u00fcllung. <\/span><\/p>\n<p><span style=\"font-size: 12pt;\">Wir hatten geplant ein Marsalla Fass\u00a0 aus der Destille abzuf\u00fcllen aber beim rangieren im Lagerhaus wurde eines unserer F\u00e4sser besch\u00e4digt, so dass nun spontan das besch\u00e4digte Olorosso Sherryfass abgef\u00fcllt wurde. \u00c4rgerlich daran war, das dieses Fass eine Woche sp\u00e4ter 14 Jahre alt geworden w\u00e4re. Doch Gl\u00fcck im Ungl\u00fcck &#8211; auch mit offiziell nur 13 Jahren, ein toller Malt&#8230;. <\/span><\/p>\n<p><span style=\"font-size: 12pt;\"><div class=\"spoiler-wrap\"><h2 ><button data-group=\"a\" aria-controls=\"accordion_69f3c9b8ab474\" class=\"spoiler-head no-icon collapsed accordion_group_a\" aria-expanded=\"false\" >Unsere Tasting-Notes:<span class=\"dashicons dashicons-arrow-right-alt2\" aria-hidden><\/span><\/button><\/h2><div aria-hidden=\"true\" id=\"accordion_69f3c9b8ab474\" class=\"spoiler-body accordion_group_body_a\" style=\"display: none;\">\n<p><span style=\"font-size: 12pt;\"><strong>Nase<\/strong>: Erst fl\u00fcchtiger Olorosso Sherry, durch den sich schnell erst eine salzige Note, dann etwas Rauch und Torf schiebt. Im Hintergrund dezenter Jod. Die maritime Note gewinnt an Dominanz und bleibt deutlich vorne. Fruchtige Orange und Honig entwickeln sich dazu.<br \/>\n<\/span><\/p>\n<p><span style=\"font-size: 12pt;\"><strong>Geschmack \/ Abgang<\/strong>: Mandeln und Kirsche erg\u00e4nzt mit pfeffrig, gesalzenem, vanilligem Buttertoffee. Dabei wieder eindeutig maritim und intensiv. Der Torf zeigt sich eher als Holzrauch und bleibt im Hintergrund. Im Abklang verweilt der Malt mit fruchtig feuchter Erde lange auf der Zunge und zeigt wieder die Sherry S\u00fc\u00dfe sowie dann etwas Torf&#8230; Wow&#8230;<\/span><\/p>\n<p><span style=\"font-size: 12pt;\">Ein komplexer Malt, der sich je nach tagesform immer wieder etwas anders pr\u00e4sentiert. Ein sch\u00f6nes Beispiel daf\u00fcr, dass eine Destille auch &#8222;anders sein kann&#8220;&#8230;<\/span><span style=\"font-size: large;\"><\/span><\/p><\/div><noscript><div class=\"spoiler-body accordion_group_body_a\">\n<p><span style=\"font-size: 12pt;\"><strong>Nase<\/strong>: Erst fl\u00fcchtiger Olorosso Sherry, durch den sich schnell erst eine salzige Note, dann etwas Rauch und Torf schiebt. Im Hintergrund dezenter Jod. Die maritime Note gewinnt an Dominanz und bleibt deutlich vorne. Fruchtige Orange und Honig entwickeln sich dazu.<br \/>\n<\/span><\/p>\n<p><span style=\"font-size: 12pt;\"><strong>Geschmack \/ Abgang<\/strong>: Mandeln und Kirsche erg\u00e4nzt mit pfeffrig, gesalzenem, vanilligem Buttertoffee. Dabei wieder eindeutig maritim und intensiv. Der Torf zeigt sich eher als Holzrauch und bleibt im Hintergrund. Im Abklang verweilt der Malt mit fruchtig feuchter Erde lange auf der Zunge und zeigt wieder die Sherry S\u00fc\u00dfe sowie dann etwas Torf&#8230; Wow&#8230;<\/span><\/p>\n<p><span style=\"font-size: 12pt;\">Ein komplexer Malt, der sich je nach tagesform immer wieder etwas anders pr\u00e4sentiert. Ein sch\u00f6nes Beispiel daf\u00fcr, dass eine Destille auch &#8222;anders sein kann&#8220;&#8230;<\/span><span style=\"font-size: large;\"><\/span><\/p><\/div><\/noscript><\/div><\/span><\/p>\n<p>&nbsp;<\/p>\n","protected":false},"excerpt":{"rendered":"<p>&#8222;Goblins peated Islay III&#8220;, 13 Jahre, Islay Single Malt Scotch Whisky, Sherry Cask Status: leider ausverkauft Edition: \u201cThe Goblin III\u201d Destillerie: A secret Islay Destillery Alter: 13 Jahre, Destilliert 2008 \/ Abgef\u00fcllt 2022 St\u00e4rke: 57,1% Vol. Fassart: Olorosso Sherry Cask &hellip; <a href=\"https:\/\/whiskytales.de\/?page_id=1978\">Weiterlesen <span class=\"meta-nav\">&rarr;<\/span><\/a><\/p>\n","protected":false},"author":4,"featured_media":0,"parent":19,"menu_order":0,"comment_status":"closed","ping_status":"closed","template":"sidebar-page.php","meta":{"footnotes":""},"class_list":["post-1978","page","type-page","status-publish","hentry"],"_links":{"self":[{"href":"https:\/\/whiskytales.de\/index.php?rest_route=\/wp\/v2\/pages\/1978","targetHints":{"allow":["GET"]}}],"collection":[{"href":"https:\/\/whiskytales.de\/index.php?rest_route=\/wp\/v2\/pages"}],"about":[{"href":"https:\/\/whiskytales.de\/index.php?rest_route=\/wp\/v2\/types\/page"}],"author":[{"embeddable":true,"href":"https:\/\/whiskytales.de\/index.php?rest_route=\/wp\/v2\/users\/4"}],"replies":[{"embeddable":true,"href":"https:\/\/whiskytales.de\/index.php?rest_route=%2Fwp%2Fv2%2Fcomments&post=1978"}],"version-history":[{"count":11,"href":"https:\/\/whiskytales.de\/index.php?rest_route=\/wp\/v2\/pages\/1978\/revisions"}],"predecessor-version":[{"id":2635,"href":"https:\/\/whiskytales.de\/index.php?rest_route=\/wp\/v2\/pages\/1978\/revisions\/2635"}],"up":[{"embeddable":true,"href":"https:\/\/whiskytales.de\/index.php?rest_route=\/wp\/v2\/pages\/19"}],"wp:attachment":[{"href":"https:\/\/whiskytales.de\/index.php?rest_route=%2Fwp%2Fv2%2Fmedia&parent=1978"}],"curies":[{"name":"wp","href":"https:\/\/api.w.org\/{rel}","templated":true}]}}