{"id":2155,"date":"2023-03-12T14:21:20","date_gmt":"2023-03-12T13:21:20","guid":{"rendered":"https:\/\/whiskytales.de\/?page_id=2155"},"modified":"2024-08-09T12:32:00","modified_gmt":"2024-08-09T11:32:00","slug":"survivor-12-jahre","status":"publish","type":"page","link":"https:\/\/whiskytales.de\/?page_id=2155","title":{"rendered":"&#8222;Survivor&#8220; 12 Jahre"},"content":{"rendered":"<p><span style=\"font-size: 16pt;\"><strong><a href=\"https:\/\/whiskytales.de\/wp-content\/uploads\/2023\/03\/LSurvivor-scaled.jpg\" rel=\"prettyPhoto\"><img loading=\"lazy\" decoding=\"async\" class=\"alignleft wp-image-2157 size-medium\" src=\"https:\/\/whiskytales.de\/wp-content\/uploads\/2023\/03\/LSurvivor-89x300.jpg\" alt=\"\" width=\"89\" height=\"300\" srcset=\"https:\/\/whiskytales.de\/wp-content\/uploads\/2023\/03\/LSurvivor-89x300.jpg 89w, https:\/\/whiskytales.de\/wp-content\/uploads\/2023\/03\/LSurvivor-304x1024.jpg 304w, https:\/\/whiskytales.de\/wp-content\/uploads\/2023\/03\/LSurvivor-768x2585.jpg 768w, https:\/\/whiskytales.de\/wp-content\/uploads\/2023\/03\/LSurvivor-456x1536.jpg 456w, https:\/\/whiskytales.de\/wp-content\/uploads\/2023\/03\/LSurvivor-608x2048.jpg 608w, https:\/\/whiskytales.de\/wp-content\/uploads\/2023\/03\/LSurvivor-scaled.jpg 760w\" sizes=\"auto, (max-width: 89px) 100vw, 89px\" \/><\/a>&#8222;Survivor&#8220; undisclosed Speyside Destillery, 12 Jahre, Blended (Teaspooned) Malt Whisky, Peated, PX-Sherry Cask<\/strong><\/span><\/p>\n<p><span style=\"font-size: 12pt;\"><strong>Status: <span style=\"color: #ff0000;\">leider ausverkauft<\/span><\/strong><\/span><span style=\"font-size: large;\"><strong><span style=\"color: #339966;\"><\/span><\/strong><\/span><br \/>\n<span style=\"font-size: 12pt;\">Edition: \u201cSurvivor\u201d<br \/>\nDestillerie: undisclosed Speyside Destillery<br \/>\nAlter: 12 Jahre, Destilliert 2010 \/ Abgef\u00fcllt 2022<br \/>\nSt\u00e4rke: 52,4% Vol.<br \/>\nFassart: PX-Sherry Cask, Peated<br \/>\nBlended Malt Scotch Whisky<br \/>\nNicht k\u00fchlfiltriert, nicht gef\u00e4rbt<br \/>\n0,7Liter \/ 700ml<br \/>\nEinzelfassabf\u00fcllung mit nur 326 Flaschen<\/span><\/p>\n<p><span style=\"font-size: 12pt;\">&#8222;Ein Blended Malt? Nun ja, zumindest muss er offiziell so hei\u00dfen. Als wir den Malt, damals mit 3 Jahren, angeboten bekamen, wurde vereinbart, dass der Destillerienamen nicht verwendet werden darf und es sich daher um einen sog. &#8222;Teaspooned-Malt (99,99% Peated Single Malt)&#8220; handelt . Da wir uns aber nur an Qualit\u00e4t und Geschmack orientieren, haben wir probiert und sofort gekauft. Das schon fr\u00fch erkennbare tolle Zusammenspiel des PX-Fasses mit der sch\u00f6nen Rauchnote hatte uns direkt gefallen&#8230;<\/span><\/p>\n<p><span style=\"font-size: 12pt;\"><div class=\"spoiler-wrap\"><h2 ><button data-group=\"a\" aria-controls=\"accordion_69f3cade41ffc\" class=\"spoiler-head no-icon collapsed accordion_group_a\" aria-expanded=\"false\" >Unsere Tasting-Notes:<span class=\"dashicons dashicons-arrow-right-alt2\" aria-hidden><\/span><\/button><\/h2><div aria-hidden=\"true\" id=\"accordion_69f3cade41ffc\" class=\"spoiler-body accordion_group_body_a\" style=\"display: none;\">\n<p><span style=\"font-size: 12pt;\"><strong>Nase<\/strong>: Sehr angenehmer Holzrauch, der zun\u00e4chst stehen bleibt. Langsam arbeiten sich Kirschen und Mandeln nach vorne und verdr\u00e4ngen den Rauch. Fertig entwickelt bleibt ein Kirsch\/Blaubeermix.<\/span><\/p>\n<p><span style=\"font-size: 12pt;\"><strong>Geschmack \/ Abgang<\/strong>: Ein toller fruchtiger Beerenmix breitet sich elegant aus, bevor difuses, sehr sanftes Jod und leichter Torf durch die s\u00fc\u00dfe dringt. Der Torf bleibt auf der Zunge stehen und schmilzt im Abgang langsam dahin&#8230; Ein toller &#8222;Schnuffel-Malt&#8220;, besonders f\u00fcr Liebhaber von PX-Sherry\u00b4s.<\/span><\/p><\/div><noscript><div class=\"spoiler-body accordion_group_body_a\">\n<p><span style=\"font-size: 12pt;\"><strong>Nase<\/strong>: Sehr angenehmer Holzrauch, der zun\u00e4chst stehen bleibt. Langsam arbeiten sich Kirschen und Mandeln nach vorne und verdr\u00e4ngen den Rauch. Fertig entwickelt bleibt ein Kirsch\/Blaubeermix.<\/span><\/p>\n<p><span style=\"font-size: 12pt;\"><strong>Geschmack \/ Abgang<\/strong>: Ein toller fruchtiger Beerenmix breitet sich elegant aus, bevor difuses, sehr sanftes Jod und leichter Torf durch die s\u00fc\u00dfe dringt. Der Torf bleibt auf der Zunge stehen und schmilzt im Abgang langsam dahin&#8230; Ein toller &#8222;Schnuffel-Malt&#8220;, besonders f\u00fcr Liebhaber von PX-Sherry\u00b4s.<\/span><\/p><\/div><\/noscript><\/div><\/span><\/p>\n<p>&nbsp;<\/p>\n","protected":false},"excerpt":{"rendered":"<p>&#8222;Survivor&#8220; undisclosed Speyside Destillery, 12 Jahre, Blended (Teaspooned) Malt Whisky, Peated, PX-Sherry Cask Status: leider ausverkauft Edition: \u201cSurvivor\u201d Destillerie: undisclosed Speyside Destillery Alter: 12 Jahre, Destilliert 2010 \/ Abgef\u00fcllt 2022 St\u00e4rke: 52,4% Vol. Fassart: PX-Sherry Cask, Peated Blended Malt Scotch &hellip; <a href=\"https:\/\/whiskytales.de\/?page_id=2155\">Weiterlesen <span class=\"meta-nav\">&rarr;<\/span><\/a><\/p>\n","protected":false},"author":4,"featured_media":0,"parent":19,"menu_order":0,"comment_status":"closed","ping_status":"closed","template":"sidebar-page.php","meta":{"footnotes":""},"class_list":["post-2155","page","type-page","status-publish","hentry"],"_links":{"self":[{"href":"https:\/\/whiskytales.de\/index.php?rest_route=\/wp\/v2\/pages\/2155","targetHints":{"allow":["GET"]}}],"collection":[{"href":"https:\/\/whiskytales.de\/index.php?rest_route=\/wp\/v2\/pages"}],"about":[{"href":"https:\/\/whiskytales.de\/index.php?rest_route=\/wp\/v2\/types\/page"}],"author":[{"embeddable":true,"href":"https:\/\/whiskytales.de\/index.php?rest_route=\/wp\/v2\/users\/4"}],"replies":[{"embeddable":true,"href":"https:\/\/whiskytales.de\/index.php?rest_route=%2Fwp%2Fv2%2Fcomments&post=2155"}],"version-history":[{"count":9,"href":"https:\/\/whiskytales.de\/index.php?rest_route=\/wp\/v2\/pages\/2155\/revisions"}],"predecessor-version":[{"id":2639,"href":"https:\/\/whiskytales.de\/index.php?rest_route=\/wp\/v2\/pages\/2155\/revisions\/2639"}],"up":[{"embeddable":true,"href":"https:\/\/whiskytales.de\/index.php?rest_route=\/wp\/v2\/pages\/19"}],"wp:attachment":[{"href":"https:\/\/whiskytales.de\/index.php?rest_route=%2Fwp%2Fv2%2Fmedia&parent=2155"}],"curies":[{"name":"wp","href":"https:\/\/api.w.org\/{rel}","templated":true}]}}