{"id":2316,"date":"2023-11-26T14:16:26","date_gmt":"2023-11-26T13:16:26","guid":{"rendered":"https:\/\/whiskytales.de\/?page_id=2316"},"modified":"2024-08-09T12:27:40","modified_gmt":"2024-08-09T11:27:40","slug":"glenallachie-1st-fill-sherry-fass-11-jahre","status":"publish","type":"page","link":"https:\/\/whiskytales.de\/?page_id=2316","title":{"rendered":"GLENALLACHIE, 1st fill Sherry Fass, 11 Jahre"},"content":{"rendered":"<p><span style=\"font-size: 16pt;\"><strong><a href=\"https:\/\/whiskytales.de\/wp-content\/uploads\/2023\/11\/Glenallachie-523-Vol-scaled.jpg\"><img loading=\"lazy\" decoding=\"async\" class=\"alignleft wp-image-2317 size-medium\" src=\"https:\/\/whiskytales.de\/wp-content\/uploads\/2023\/11\/Glenallachie-523-Vol-293x300.jpg\" alt=\"\" width=\"293\" height=\"300\" srcset=\"https:\/\/whiskytales.de\/wp-content\/uploads\/2023\/11\/Glenallachie-523-Vol-293x300.jpg 293w, https:\/\/whiskytales.de\/wp-content\/uploads\/2023\/11\/Glenallachie-523-Vol-999x1024.jpg 999w, https:\/\/whiskytales.de\/wp-content\/uploads\/2023\/11\/Glenallachie-523-Vol-768x788.jpg 768w, https:\/\/whiskytales.de\/wp-content\/uploads\/2023\/11\/Glenallachie-523-Vol-1498x1536.jpg 1498w, https:\/\/whiskytales.de\/wp-content\/uploads\/2023\/11\/Glenallachie-523-Vol-1997x2048.jpg 1997w\" sizes=\"auto, (max-width: 293px) 100vw, 293px\" \/><\/a>GLENALLACHIE, 1st fill Sherry Fass, 11 Jahre, Single Malt, Single Cask, Scotch Whisky<\/strong><\/span><\/p>\n<p><span style=\"font-size: 12pt;\"><strong>Status: <span style=\"color: #ff0000;\">leider ausverkauft<\/span><span style=\"color: #339966;\"><br \/>\n<\/span><\/strong><\/span><\/p>\n<p><span style=\"font-size: 12pt;\">Edition: \u201cJoker\u201d<\/span><br \/>\n<span style=\"font-size: 12pt;\">Destillerie: GLENALLACHIE<br \/>\nAlter: 11 Jahre, Destilliert 2012 \/ Abgef\u00fcllt 2023<br \/>\nSt\u00e4rke: 52,3% Vol.<br \/>\nFassart: Sherry Cask<br \/>\nSingle Cask, Single Malt Scotch Whisky<br \/>\nNicht k\u00fchlfiltriert, nicht gef\u00e4rbt<br \/>\n0,7Liter \/ 700ml<br \/>\nEinzelfassabf\u00fcllung mit nur 215 Flaschen<\/span><\/p>\n<div class=\"spoiler-wrap\"><h2 ><button data-group=\"a\" aria-controls=\"accordion_69f85dc80f9bd\" class=\"spoiler-head no-icon collapsed accordion_group_a\" aria-expanded=\"false\" >Unsere Tasting-Notes:<span class=\"dashicons dashicons-arrow-right-alt2\" aria-hidden><\/span><\/button><\/h2><div aria-hidden=\"true\" id=\"accordion_69f85dc80f9bd\" class=\"spoiler-body accordion_group_body_a\" style=\"display: none;\">\n<p><span style=\"font-size: 12pt;\"><strong>Nase<\/strong>: Direkt empf\u00e4ngt uns eine starke fruchtige Note von Orangen, Sherry und etwas Sanddorn. Das Sherry-Fass dominiert nicht und unterst\u00fctzt eher die Fruchtigkeit. Nach kurzer Zeit zeigen sich gebrannte Mandeln, abgerundet durch dezente Kr\u00e4uter. Fertig entwickelt dominiert leicht anger\u00f6stete Haselnuss, Mandel und Rumtopf. Dazu warmes Zimt.<\/span><\/p>\n<p><span style=\"font-size: 12pt;\"><strong>Geschmack \/ Abgang<\/strong>: Kandierte Kirsche, Pfirsich und in Rum eingelgte Fr\u00fcchte, werden von einer weichen Fruchtigkeit getragen. Dazu gesellt sich etwas Citrus, gebrannte Mandeln und wieder Zimt. Der warme Abgang l\u00e4dt direkt zum zweiten Schluck ein. &#8230;die &#8222;Adventszeit&#8220; kann kommen.<\/span><span style=\"font-size: large;\"><\/span><\/p><\/div><noscript><div class=\"spoiler-body accordion_group_body_a\">\n<p><span style=\"font-size: 12pt;\"><strong>Nase<\/strong>: Direkt empf\u00e4ngt uns eine starke fruchtige Note von Orangen, Sherry und etwas Sanddorn. Das Sherry-Fass dominiert nicht und unterst\u00fctzt eher die Fruchtigkeit. Nach kurzer Zeit zeigen sich gebrannte Mandeln, abgerundet durch dezente Kr\u00e4uter. Fertig entwickelt dominiert leicht anger\u00f6stete Haselnuss, Mandel und Rumtopf. Dazu warmes Zimt.<\/span><\/p>\n<p><span style=\"font-size: 12pt;\"><strong>Geschmack \/ Abgang<\/strong>: Kandierte Kirsche, Pfirsich und in Rum eingelgte Fr\u00fcchte, werden von einer weichen Fruchtigkeit getragen. Dazu gesellt sich etwas Citrus, gebrannte Mandeln und wieder Zimt. Der warme Abgang l\u00e4dt direkt zum zweiten Schluck ein. &#8230;die &#8222;Adventszeit&#8220; kann kommen.<\/span><span style=\"font-size: large;\"><\/span><\/p><\/div><\/noscript><\/div><\/span><\/p>\n<p>&nbsp;<\/p>\n","protected":false},"excerpt":{"rendered":"<p>GLENALLACHIE, 1st fill Sherry Fass, 11 Jahre, Single Malt, Single Cask, Scotch Whisky Status: leider ausverkauft Edition: \u201cJoker\u201d Destillerie: GLENALLACHIE Alter: 11 Jahre, Destilliert 2012 \/ Abgef\u00fcllt 2023 St\u00e4rke: 52,3% Vol. Fassart: Sherry Cask Single Cask, Single Malt Scotch Whisky &hellip; <a href=\"https:\/\/whiskytales.de\/?page_id=2316\">Weiterlesen <span class=\"meta-nav\">&rarr;<\/span><\/a><\/p>\n","protected":false},"author":4,"featured_media":0,"parent":19,"menu_order":0,"comment_status":"closed","ping_status":"closed","template":"sidebar-page.php","meta":{"footnotes":""},"class_list":["post-2316","page","type-page","status-publish","hentry"],"_links":{"self":[{"href":"https:\/\/whiskytales.de\/index.php?rest_route=\/wp\/v2\/pages\/2316","targetHints":{"allow":["GET"]}}],"collection":[{"href":"https:\/\/whiskytales.de\/index.php?rest_route=\/wp\/v2\/pages"}],"about":[{"href":"https:\/\/whiskytales.de\/index.php?rest_route=\/wp\/v2\/types\/page"}],"author":[{"embeddable":true,"href":"https:\/\/whiskytales.de\/index.php?rest_route=\/wp\/v2\/users\/4"}],"replies":[{"embeddable":true,"href":"https:\/\/whiskytales.de\/index.php?rest_route=%2Fwp%2Fv2%2Fcomments&post=2316"}],"version-history":[{"count":11,"href":"https:\/\/whiskytales.de\/index.php?rest_route=\/wp\/v2\/pages\/2316\/revisions"}],"predecessor-version":[{"id":2634,"href":"https:\/\/whiskytales.de\/index.php?rest_route=\/wp\/v2\/pages\/2316\/revisions\/2634"}],"up":[{"embeddable":true,"href":"https:\/\/whiskytales.de\/index.php?rest_route=\/wp\/v2\/pages\/19"}],"wp:attachment":[{"href":"https:\/\/whiskytales.de\/index.php?rest_route=%2Fwp%2Fv2%2Fmedia&parent=2316"}],"curies":[{"name":"wp","href":"https:\/\/api.w.org\/{rel}","templated":true}]}}