{"id":62,"date":"2012-05-30T20:38:30","date_gmt":"2012-05-30T20:38:30","guid":{"rendered":"http:\/\/whiskytales.de\/wp\/?page_id=62"},"modified":"2024-08-10T18:41:38","modified_gmt":"2024-08-10T17:41:38","slug":"caol-ila-27-jahre","status":"publish","type":"page","link":"https:\/\/whiskytales.de\/?page_id=62","title":{"rendered":"CAOL-ILA 27 Jahre"},"content":{"rendered":"<p><a href=\"https:\/\/whiskytales.de\/wp-content\/uploads\/2012\/05\/CaolIla.jpg\" rel=\"prettyPhoto\"><img loading=\"lazy\" decoding=\"async\" class=\"alignleft size-medium wp-image-127\" title=\"CaolIla\" src=\"https:\/\/whiskytales.de\/wp-content\/uploads\/2012\/05\/CaolIla-198x300.jpg\" alt=\"\" width=\"198\" height=\"300\" srcset=\"https:\/\/whiskytales.de\/wp-content\/uploads\/2012\/05\/CaolIla-198x300.jpg 198w, https:\/\/whiskytales.de\/wp-content\/uploads\/2012\/05\/CaolIla.jpg 390w\" sizes=\"auto, (max-width: 198px) 100vw, 198px\" \/><\/a><span style=\"font-size: 16pt;\"><strong>CAOL-ILA 27 Jahre<\/strong><\/span><\/p>\n<p><span style=\"font-size: 12pt;\"><strong>Status: <span style=\"color: #ff0000;\">leider ausverkauft<\/span><\/strong><\/span><\/p>\n<p><span style=\"font-size: 12pt;\">Single Malt, Single Cask Scotch Whisky<br \/>\nDistillery: CAOL-ILA<br \/>\nAlter: 27 Jahre<br \/>\nDistilled: 1979<br \/>\nBottled: 2006<br \/>\nFresh Bourbon Cask<br \/>\nCask Strength 57,1% Vol.<br \/>\nNo Chill Filtration No Couloring<br \/>\n0,7 Liter \/ 700ml<br \/>\nEinzelfassabf\u00fcllung<\/span><\/p>\n<p><span style=\"font-size: 12pt;\">Diese Whisky Tales Islay-Einzelfassabf\u00fcllung eines 27j\u00e4hrigen &#8222;CAOL-ILA&#8220; ergab 215 Flaschen.<\/span><\/p>\n<div class=\"spoiler-wrap\"><h2 ><button data-group=\"a\" aria-controls=\"accordion_69e1ac017368c\" class=\"spoiler-head no-icon collapsed accordion_group_a\" aria-expanded=\"false\" >Unsere Tasting-Notes:<span class=\"dashicons dashicons-arrow-right-alt2\" aria-hidden><\/span><\/button><\/h2><div aria-hidden=\"true\" id=\"accordion_69e1ac017368c\" class=\"spoiler-body accordion_group_body_a\" style=\"display: none;\"><span style=\"font-size: 12pt;\">Ein Single Malt, Single Cask Bottling in Fa\u00dfst\u00e4rke aus der Caol Ila Distillery. Ein alter Islay, der die jugendliche extreme S\u00fc\u00dfe eines normalen Caol-Ila abgelegt hat. Eine feine Vanillenote gekreuzt mit Torf und leichtem Rauch lassen bereits am Duft den Geschmack erahnen. Zun\u00e4chst treten Buttertoffee mit einer gut ausbalancierten Mischung aus Torf und einem Fruchtpotpourri hervor nach einigen Minuten entfalten sich die Aromen vollends, bevor bei diesem vollmundigen, \u00f6ligen Malt ein warmer und unendlich lang scheinender Abgang das Geschmackserlebnis angemessen abrundet. Mit ein paar Tropfen Wasser \u00f6ffnet sich der Malt noch einmal sehr sch\u00f6n.<\/span><\/div><noscript><div class=\"spoiler-body accordion_group_body_a\"><span style=\"font-size: 12pt;\">Ein Single Malt, Single Cask Bottling in Fa\u00dfst\u00e4rke aus der Caol Ila Distillery. Ein alter Islay, der die jugendliche extreme S\u00fc\u00dfe eines normalen Caol-Ila abgelegt hat. Eine feine Vanillenote gekreuzt mit Torf und leichtem Rauch lassen bereits am Duft den Geschmack erahnen. Zun\u00e4chst treten Buttertoffee mit einer gut ausbalancierten Mischung aus Torf und einem Fruchtpotpourri hervor nach einigen Minuten entfalten sich die Aromen vollends, bevor bei diesem vollmundigen, \u00f6ligen Malt ein warmer und unendlich lang scheinender Abgang das Geschmackserlebnis angemessen abrundet. Mit ein paar Tropfen Wasser \u00f6ffnet sich der Malt noch einmal sehr sch\u00f6n.<\/span><\/div><\/noscript><\/div>\n<p>&nbsp;<\/p>\n","protected":false},"excerpt":{"rendered":"<p>CAOL-ILA 27 Jahre Status: leider ausverkauft Single Malt, Single Cask Scotch Whisky Distillery: CAOL-ILA Alter: 27 Jahre Distilled: 1979 Bottled: 2006 Fresh Bourbon Cask Cask Strength 57,1% Vol. No Chill Filtration No Couloring 0,7 Liter \/ 700ml Einzelfassabf\u00fcllung Diese Whisky &hellip; <a href=\"https:\/\/whiskytales.de\/?page_id=62\">Weiterlesen <span class=\"meta-nav\">&rarr;<\/span><\/a><\/p>\n","protected":false},"author":4,"featured_media":0,"parent":19,"menu_order":0,"comment_status":"closed","ping_status":"closed","template":"sidebar-page.php","meta":{"footnotes":""},"class_list":["post-62","page","type-page","status-publish","hentry"],"_links":{"self":[{"href":"https:\/\/whiskytales.de\/index.php?rest_route=\/wp\/v2\/pages\/62","targetHints":{"allow":["GET"]}}],"collection":[{"href":"https:\/\/whiskytales.de\/index.php?rest_route=\/wp\/v2\/pages"}],"about":[{"href":"https:\/\/whiskytales.de\/index.php?rest_route=\/wp\/v2\/types\/page"}],"author":[{"embeddable":true,"href":"https:\/\/whiskytales.de\/index.php?rest_route=\/wp\/v2\/users\/4"}],"replies":[{"embeddable":true,"href":"https:\/\/whiskytales.de\/index.php?rest_route=%2Fwp%2Fv2%2Fcomments&post=62"}],"version-history":[{"count":15,"href":"https:\/\/whiskytales.de\/index.php?rest_route=\/wp\/v2\/pages\/62\/revisions"}],"predecessor-version":[{"id":2858,"href":"https:\/\/whiskytales.de\/index.php?rest_route=\/wp\/v2\/pages\/62\/revisions\/2858"}],"up":[{"embeddable":true,"href":"https:\/\/whiskytales.de\/index.php?rest_route=\/wp\/v2\/pages\/19"}],"wp:attachment":[{"href":"https:\/\/whiskytales.de\/index.php?rest_route=%2Fwp%2Fv2%2Fmedia&parent=62"}],"curies":[{"name":"wp","href":"https:\/\/api.w.org\/{rel}","templated":true}]}}